{"id":1457,"date":"2023-04-19T17:07:08","date_gmt":"2023-04-19T15:07:08","guid":{"rendered":"https:\/\/nolinskivenezia.com\/?page_id=1457"},"modified":"2025-11-24T15:01:52","modified_gmt":"2025-11-24T14:01:52","slug":"legal-notices-credits","status":"publish","type":"page","link":"https:\/\/nolinskivenezia.com\/en\/legal-notices-credits\/","title":{"rendered":"Legal notices &amp; informations"},"content":{"rendered":"","protected":false},"excerpt":{"rendered":"","protected":false},"author":3,"featured_media":0,"parent":0,"menu_order":0,"comment_status":"closed","ping_status":"closed","template":"","meta":{"_acf_changed":false,"inline_featured_image":false,"footnotes":""},"class_list":["post-1457","page","type-page","status-publish","hentry"],"acf":[],"yoast_head":"<!-- This site is optimized with the Yoast SEO plugin v27.4 - https:\/\/yoast.com\/product\/yoast-seo-wordpress\/ -->\n<title>Legal notices &amp; informations - Nolinski Venezia<\/title>\n<meta name=\"robots\" content=\"noindex, follow\" \/>\n<script type=\"application\/ld+json\" class=\"yoast-schema-graph\">{\"@context\":\"https:\\\/\\\/schema.org\",\"@graph\":[{\"@type\":\"WebPage\",\"@id\":\"https:\\\/\\\/nolinskivenezia.com\\\/en\\\/legal-notices-credits\\\/\",\"url\":\"https:\\\/\\\/nolinskivenezia.com\\\/en\\\/legal-notices-credits\\\/\",\"name\":\"Legal notices &amp; informations - Nolinski Venezia\",\"isPartOf\":{\"@id\":\"https:\\\/\\\/nolinskivenezia.com\\\/#website\"},\"datePublished\":\"2023-04-19T15:07:08+00:00\",\"dateModified\":\"2025-11-24T14:01:52+00:00\",\"breadcrumb\":{\"@id\":\"https:\\\/\\\/nolinskivenezia.com\\\/en\\\/legal-notices-credits\\\/#breadcrumb\"},\"inLanguage\":\"en-US\",\"potentialAction\":[{\"@type\":\"ReadAction\",\"target\":[\"https:\\\/\\\/nolinskivenezia.com\\\/en\\\/legal-notices-credits\\\/\"]}]},{\"@type\":\"BreadcrumbList\",\"@id\":\"https:\\\/\\\/nolinskivenezia.com\\\/en\\\/legal-notices-credits\\\/#breadcrumb\",\"itemListElement\":[{\"@type\":\"ListItem\",\"position\":1,\"name\":\"Accueil\",\"item\":\"https:\\\/\\\/nolinskivenezia.com\\\/en\\\/\"},{\"@type\":\"ListItem\",\"position\":2,\"name\":\"Legal notices &amp; informations\"}]},{\"@type\":\"WebSite\",\"@id\":\"https:\\\/\\\/nolinskivenezia.com\\\/#website\",\"url\":\"https:\\\/\\\/nolinskivenezia.com\\\/\",\"name\":\"Nolinski Venezia\",\"description\":\"H\u00f4tel 5 \u00e9toiles \u00e0 Venise, Italie\",\"potentialAction\":[{\"@type\":\"SearchAction\",\"target\":{\"@type\":\"EntryPoint\",\"urlTemplate\":\"https:\\\/\\\/nolinskivenezia.com\\\/?s={search_term_string}\"},\"query-input\":{\"@type\":\"PropertyValueSpecification\",\"valueRequired\":true,\"valueName\":\"search_term_string\"}}],\"inLanguage\":\"en-US\"}]}<\/script>\n<!-- \/ Yoast SEO plugin. -->","yoast_head_json":{"title":"Legal notices &amp; informations - Nolinski Venezia","robots":{"index":"noindex","follow":"follow"},"schema":{"@context":"https:\/\/schema.org","@graph":[{"@type":"WebPage","@id":"https:\/\/nolinskivenezia.com\/en\/legal-notices-credits\/","url":"https:\/\/nolinskivenezia.com\/en\/legal-notices-credits\/","name":"Legal notices &amp; informations - Nolinski Venezia","isPartOf":{"@id":"https:\/\/nolinskivenezia.com\/#website"},"datePublished":"2023-04-19T15:07:08+00:00","dateModified":"2025-11-24T14:01:52+00:00","breadcrumb":{"@id":"https:\/\/nolinskivenezia.com\/en\/legal-notices-credits\/#breadcrumb"},"inLanguage":"en-US","potentialAction":[{"@type":"ReadAction","target":["https:\/\/nolinskivenezia.com\/en\/legal-notices-credits\/"]}]},{"@type":"BreadcrumbList","@id":"https:\/\/nolinskivenezia.com\/en\/legal-notices-credits\/#breadcrumb","itemListElement":[{"@type":"ListItem","position":1,"name":"Accueil","item":"https:\/\/nolinskivenezia.com\/en\/"},{"@type":"ListItem","position":2,"name":"Legal notices &amp; informations"}]},{"@type":"WebSite","@id":"https:\/\/nolinskivenezia.com\/#website","url":"https:\/\/nolinskivenezia.com\/","name":"Nolinski Venezia","description":"H\u00f4tel 5 \u00e9toiles \u00e0 Venise, Italie","potentialAction":[{"@type":"SearchAction","target":{"@type":"EntryPoint","urlTemplate":"https:\/\/nolinskivenezia.com\/?s={search_term_string}"},"query-input":{"@type":"PropertyValueSpecification","valueRequired":true,"valueName":"search_term_string"}}],"inLanguage":"en-US"}]}},"_links":{"self":[{"href":"https:\/\/nolinskivenezia.com\/en\/wp-json\/wp\/v2\/pages\/1457","targetHints":{"allow":["GET"]}}],"collection":[{"href":"https:\/\/nolinskivenezia.com\/en\/wp-json\/wp\/v2\/pages"}],"about":[{"href":"https:\/\/nolinskivenezia.com\/en\/wp-json\/wp\/v2\/types\/page"}],"author":[{"embeddable":true,"href":"https:\/\/nolinskivenezia.com\/en\/wp-json\/wp\/v2\/users\/3"}],"replies":[{"embeddable":true,"href":"https:\/\/nolinskivenezia.com\/en\/wp-json\/wp\/v2\/comments?post=1457"}],"version-history":[{"count":13,"href":"https:\/\/nolinskivenezia.com\/en\/wp-json\/wp\/v2\/pages\/1457\/revisions"}],"predecessor-version":[{"id":3706,"href":"https:\/\/nolinskivenezia.com\/en\/wp-json\/wp\/v2\/pages\/1457\/revisions\/3706"}],"wp:attachment":[{"href":"https:\/\/nolinskivenezia.com\/en\/wp-json\/wp\/v2\/media?parent=1457"}],"curies":[{"name":"wp","href":"https:\/\/api.w.org\/{rel}","templated":true}]}}