{"id":1786,"date":"2023-04-24T16:18:28","date_gmt":"2023-04-24T14:18:28","guid":{"rendered":"https:\/\/nolinskivenezia.com\/?page_id=1786"},"modified":"2024-05-29T10:10:23","modified_gmt":"2024-05-29T08:10:23","slug":"the-pool","status":"publish","type":"page","link":"https:\/\/nolinskivenezia.com\/en\/the-pool\/","title":{"rendered":"The pool"},"content":{"rendered":"","protected":false},"excerpt":{"rendered":"","protected":false},"author":3,"featured_media":0,"parent":0,"menu_order":0,"comment_status":"closed","ping_status":"closed","template":"","meta":{"_acf_changed":false,"inline_featured_image":false,"footnotes":""},"class_list":["post-1786","page","type-page","status-publish","hentry"],"acf":[],"yoast_head":"<!-- This site is optimized with the Yoast SEO plugin v27.4 - https:\/\/yoast.com\/product\/yoast-seo-wordpress\/ -->\n<title>Pool with 360 view - 5 star luxury hotel Venice Italy<\/title>\n<meta name=\"description\" content=\"Nolinski Venezia - New 5 star luxury hotel in Venice - A charm beyond a pool, try the Pool with 360\u00b0 view on the Venetian roofs and skies.\" \/>\n<meta name=\"robots\" content=\"index, follow, max-snippet:-1, max-image-preview:large, max-video-preview:-1\" \/>\n<link rel=\"canonical\" href=\"https:\/\/nolinskivenezia.com\/en\/the-pool\/\" \/>\n<script type=\"application\/ld+json\" class=\"yoast-schema-graph\">{\"@context\":\"https:\\\/\\\/schema.org\",\"@graph\":[{\"@type\":\"WebPage\",\"@id\":\"https:\\\/\\\/nolinskivenezia.com\\\/en\\\/the-pool\\\/\",\"url\":\"https:\\\/\\\/nolinskivenezia.com\\\/en\\\/the-pool\\\/\",\"name\":\"Pool with 360 view - 5 star luxury hotel Venice Italy\",\"isPartOf\":{\"@id\":\"https:\\\/\\\/nolinskivenezia.com\\\/#website\"},\"datePublished\":\"2023-04-24T14:18:28+00:00\",\"dateModified\":\"2024-05-29T08:10:23+00:00\",\"description\":\"Nolinski Venezia - New 5 star luxury hotel in Venice - A charm beyond a pool, try the Pool with 360\u00b0 view on the Venetian roofs and skies.\",\"breadcrumb\":{\"@id\":\"https:\\\/\\\/nolinskivenezia.com\\\/en\\\/the-pool\\\/#breadcrumb\"},\"inLanguage\":\"en-US\",\"potentialAction\":[{\"@type\":\"ReadAction\",\"target\":[\"https:\\\/\\\/nolinskivenezia.com\\\/en\\\/the-pool\\\/\"]}]},{\"@type\":\"BreadcrumbList\",\"@id\":\"https:\\\/\\\/nolinskivenezia.com\\\/en\\\/the-pool\\\/#breadcrumb\",\"itemListElement\":[{\"@type\":\"ListItem\",\"position\":1,\"name\":\"Accueil\",\"item\":\"https:\\\/\\\/nolinskivenezia.com\\\/en\\\/\"},{\"@type\":\"ListItem\",\"position\":2,\"name\":\"The pool\"}]},{\"@type\":\"WebSite\",\"@id\":\"https:\\\/\\\/nolinskivenezia.com\\\/#website\",\"url\":\"https:\\\/\\\/nolinskivenezia.com\\\/\",\"name\":\"Nolinski Venezia\",\"description\":\"H\u00f4tel 5 \u00e9toiles \u00e0 Venise, Italie\",\"potentialAction\":[{\"@type\":\"SearchAction\",\"target\":{\"@type\":\"EntryPoint\",\"urlTemplate\":\"https:\\\/\\\/nolinskivenezia.com\\\/?s={search_term_string}\"},\"query-input\":{\"@type\":\"PropertyValueSpecification\",\"valueRequired\":true,\"valueName\":\"search_term_string\"}}],\"inLanguage\":\"en-US\"}]}<\/script>\n<!-- \/ Yoast SEO plugin. -->","yoast_head_json":{"title":"Pool with 360 view - 5 star luxury hotel Venice Italy","description":"Nolinski Venezia - New 5 star luxury hotel in Venice - A charm beyond a pool, try the Pool with 360\u00b0 view on the Venetian roofs and skies.","robots":{"index":"index","follow":"follow","max-snippet":"max-snippet:-1","max-image-preview":"max-image-preview:large","max-video-preview":"max-video-preview:-1"},"canonical":"https:\/\/nolinskivenezia.com\/en\/the-pool\/","schema":{"@context":"https:\/\/schema.org","@graph":[{"@type":"WebPage","@id":"https:\/\/nolinskivenezia.com\/en\/the-pool\/","url":"https:\/\/nolinskivenezia.com\/en\/the-pool\/","name":"Pool with 360 view - 5 star luxury hotel Venice Italy","isPartOf":{"@id":"https:\/\/nolinskivenezia.com\/#website"},"datePublished":"2023-04-24T14:18:28+00:00","dateModified":"2024-05-29T08:10:23+00:00","description":"Nolinski Venezia - New 5 star luxury hotel in Venice - A charm beyond a pool, try the Pool with 360\u00b0 view on the Venetian roofs and skies.","breadcrumb":{"@id":"https:\/\/nolinskivenezia.com\/en\/the-pool\/#breadcrumb"},"inLanguage":"en-US","potentialAction":[{"@type":"ReadAction","target":["https:\/\/nolinskivenezia.com\/en\/the-pool\/"]}]},{"@type":"BreadcrumbList","@id":"https:\/\/nolinskivenezia.com\/en\/the-pool\/#breadcrumb","itemListElement":[{"@type":"ListItem","position":1,"name":"Accueil","item":"https:\/\/nolinskivenezia.com\/en\/"},{"@type":"ListItem","position":2,"name":"The pool"}]},{"@type":"WebSite","@id":"https:\/\/nolinskivenezia.com\/#website","url":"https:\/\/nolinskivenezia.com\/","name":"Nolinski Venezia","description":"H\u00f4tel 5 \u00e9toiles \u00e0 Venise, Italie","potentialAction":[{"@type":"SearchAction","target":{"@type":"EntryPoint","urlTemplate":"https:\/\/nolinskivenezia.com\/?s={search_term_string}"},"query-input":{"@type":"PropertyValueSpecification","valueRequired":true,"valueName":"search_term_string"}}],"inLanguage":"en-US"}]}},"_links":{"self":[{"href":"https:\/\/nolinskivenezia.com\/en\/wp-json\/wp\/v2\/pages\/1786","targetHints":{"allow":["GET"]}}],"collection":[{"href":"https:\/\/nolinskivenezia.com\/en\/wp-json\/wp\/v2\/pages"}],"about":[{"href":"https:\/\/nolinskivenezia.com\/en\/wp-json\/wp\/v2\/types\/page"}],"author":[{"embeddable":true,"href":"https:\/\/nolinskivenezia.com\/en\/wp-json\/wp\/v2\/users\/3"}],"replies":[{"embeddable":true,"href":"https:\/\/nolinskivenezia.com\/en\/wp-json\/wp\/v2\/comments?post=1786"}],"version-history":[{"count":10,"href":"https:\/\/nolinskivenezia.com\/en\/wp-json\/wp\/v2\/pages\/1786\/revisions"}],"predecessor-version":[{"id":2837,"href":"https:\/\/nolinskivenezia.com\/en\/wp-json\/wp\/v2\/pages\/1786\/revisions\/2837"}],"wp:attachment":[{"href":"https:\/\/nolinskivenezia.com\/en\/wp-json\/wp\/v2\/media?parent=1786"}],"curies":[{"name":"wp","href":"https:\/\/api.w.org\/{rel}","templated":true}]}}