{"id":3339,"date":"2025-05-13T12:09:37","date_gmt":"2025-05-13T10:09:37","guid":{"rendered":"https:\/\/nolinskivenezia.com\/?page_id=3339"},"modified":"2025-05-15T09:21:25","modified_gmt":"2025-05-15T07:21:25","slug":"spa-luxury-hotel","status":"publish","type":"page","link":"https:\/\/nolinskivenezia.com\/en\/spa-luxury-hotel\/","title":{"rendered":"The treatment suite"},"content":{"rendered":"","protected":false},"excerpt":{"rendered":"","protected":false},"author":3,"featured_media":0,"parent":0,"menu_order":0,"comment_status":"closed","ping_status":"closed","template":"","meta":{"_acf_changed":false,"inline_featured_image":false,"footnotes":""},"class_list":["post-3339","page","type-page","status-publish","hentry"],"acf":[],"yoast_head":"<!-- This site is optimized with the Yoast SEO plugin v27.4 - https:\/\/yoast.com\/product\/yoast-seo-wordpress\/ -->\n<title>Luxury Spa by myBlend - New 5 star hotel Venice (Italy)<\/title>\n<meta name=\"description\" content=\"Nolinski Venezia - New 5 star luxury hotel - Book a treatment in a treatment suite in the heart of Venice (Italy), in an Ottoman-inspired setting.\" \/>\n<meta name=\"robots\" content=\"index, follow, max-snippet:-1, max-image-preview:large, max-video-preview:-1\" \/>\n<link rel=\"canonical\" href=\"https:\/\/nolinskivenezia.com\/en\/spa-luxury-hotel\/\" \/>\n<script type=\"application\/ld+json\" class=\"yoast-schema-graph\">{\"@context\":\"https:\\\/\\\/schema.org\",\"@graph\":[{\"@type\":\"WebPage\",\"@id\":\"https:\\\/\\\/nolinskivenezia.com\\\/en\\\/spa-luxury-hotel\\\/\",\"url\":\"https:\\\/\\\/nolinskivenezia.com\\\/en\\\/spa-luxury-hotel\\\/\",\"name\":\"Luxury Spa by myBlend - New 5 star hotel Venice (Italy)\",\"isPartOf\":{\"@id\":\"https:\\\/\\\/nolinskivenezia.com\\\/#website\"},\"datePublished\":\"2025-05-13T10:09:37+00:00\",\"dateModified\":\"2025-05-15T07:21:25+00:00\",\"description\":\"Nolinski Venezia - New 5 star luxury hotel - Book a treatment in a treatment suite in the heart of Venice (Italy), in an Ottoman-inspired setting.\",\"breadcrumb\":{\"@id\":\"https:\\\/\\\/nolinskivenezia.com\\\/en\\\/spa-luxury-hotel\\\/#breadcrumb\"},\"inLanguage\":\"en-US\",\"potentialAction\":[{\"@type\":\"ReadAction\",\"target\":[\"https:\\\/\\\/nolinskivenezia.com\\\/en\\\/spa-luxury-hotel\\\/\"]}]},{\"@type\":\"BreadcrumbList\",\"@id\":\"https:\\\/\\\/nolinskivenezia.com\\\/en\\\/spa-luxury-hotel\\\/#breadcrumb\",\"itemListElement\":[{\"@type\":\"ListItem\",\"position\":1,\"name\":\"Accueil\",\"item\":\"https:\\\/\\\/nolinskivenezia.com\\\/en\\\/\"},{\"@type\":\"ListItem\",\"position\":2,\"name\":\"The treatment suite\"}]},{\"@type\":\"WebSite\",\"@id\":\"https:\\\/\\\/nolinskivenezia.com\\\/#website\",\"url\":\"https:\\\/\\\/nolinskivenezia.com\\\/\",\"name\":\"Nolinski Venezia\",\"description\":\"H\u00f4tel 5 \u00e9toiles \u00e0 Venise, Italie\",\"potentialAction\":[{\"@type\":\"SearchAction\",\"target\":{\"@type\":\"EntryPoint\",\"urlTemplate\":\"https:\\\/\\\/nolinskivenezia.com\\\/?s={search_term_string}\"},\"query-input\":{\"@type\":\"PropertyValueSpecification\",\"valueRequired\":true,\"valueName\":\"search_term_string\"}}],\"inLanguage\":\"en-US\"}]}<\/script>\n<!-- \/ Yoast SEO plugin. -->","yoast_head_json":{"title":"Luxury Spa by myBlend - New 5 star hotel Venice (Italy)","description":"Nolinski Venezia - New 5 star luxury hotel - Book a treatment in a treatment suite in the heart of Venice (Italy), in an Ottoman-inspired setting.","robots":{"index":"index","follow":"follow","max-snippet":"max-snippet:-1","max-image-preview":"max-image-preview:large","max-video-preview":"max-video-preview:-1"},"canonical":"https:\/\/nolinskivenezia.com\/en\/spa-luxury-hotel\/","schema":{"@context":"https:\/\/schema.org","@graph":[{"@type":"WebPage","@id":"https:\/\/nolinskivenezia.com\/en\/spa-luxury-hotel\/","url":"https:\/\/nolinskivenezia.com\/en\/spa-luxury-hotel\/","name":"Luxury Spa by myBlend - New 5 star hotel Venice (Italy)","isPartOf":{"@id":"https:\/\/nolinskivenezia.com\/#website"},"datePublished":"2025-05-13T10:09:37+00:00","dateModified":"2025-05-15T07:21:25+00:00","description":"Nolinski Venezia - New 5 star luxury hotel - Book a treatment in a treatment suite in the heart of Venice (Italy), in an Ottoman-inspired setting.","breadcrumb":{"@id":"https:\/\/nolinskivenezia.com\/en\/spa-luxury-hotel\/#breadcrumb"},"inLanguage":"en-US","potentialAction":[{"@type":"ReadAction","target":["https:\/\/nolinskivenezia.com\/en\/spa-luxury-hotel\/"]}]},{"@type":"BreadcrumbList","@id":"https:\/\/nolinskivenezia.com\/en\/spa-luxury-hotel\/#breadcrumb","itemListElement":[{"@type":"ListItem","position":1,"name":"Accueil","item":"https:\/\/nolinskivenezia.com\/en\/"},{"@type":"ListItem","position":2,"name":"The treatment suite"}]},{"@type":"WebSite","@id":"https:\/\/nolinskivenezia.com\/#website","url":"https:\/\/nolinskivenezia.com\/","name":"Nolinski Venezia","description":"H\u00f4tel 5 \u00e9toiles \u00e0 Venise, Italie","potentialAction":[{"@type":"SearchAction","target":{"@type":"EntryPoint","urlTemplate":"https:\/\/nolinskivenezia.com\/?s={search_term_string}"},"query-input":{"@type":"PropertyValueSpecification","valueRequired":true,"valueName":"search_term_string"}}],"inLanguage":"en-US"}]}},"_links":{"self":[{"href":"https:\/\/nolinskivenezia.com\/en\/wp-json\/wp\/v2\/pages\/3339","targetHints":{"allow":["GET"]}}],"collection":[{"href":"https:\/\/nolinskivenezia.com\/en\/wp-json\/wp\/v2\/pages"}],"about":[{"href":"https:\/\/nolinskivenezia.com\/en\/wp-json\/wp\/v2\/types\/page"}],"author":[{"embeddable":true,"href":"https:\/\/nolinskivenezia.com\/en\/wp-json\/wp\/v2\/users\/3"}],"replies":[{"embeddable":true,"href":"https:\/\/nolinskivenezia.com\/en\/wp-json\/wp\/v2\/comments?post=3339"}],"version-history":[{"count":10,"href":"https:\/\/nolinskivenezia.com\/en\/wp-json\/wp\/v2\/pages\/3339\/revisions"}],"predecessor-version":[{"id":3514,"href":"https:\/\/nolinskivenezia.com\/en\/wp-json\/wp\/v2\/pages\/3339\/revisions\/3514"}],"wp:attachment":[{"href":"https:\/\/nolinskivenezia.com\/en\/wp-json\/wp\/v2\/media?parent=3339"}],"curies":[{"name":"wp","href":"https:\/\/api.w.org\/{rel}","templated":true}]}}