{"id":3410,"date":"2025-04-28T10:55:14","date_gmt":"2025-04-28T08:55:14","guid":{"rendered":"https:\/\/nolinskivenezia.com\/soins-du-visage-et-du-corps\/"},"modified":"2025-05-13T11:35:57","modified_gmt":"2025-05-13T09:35:57","slug":"face-and-body-treatments","status":"publish","type":"page","link":"https:\/\/nolinskivenezia.com\/en\/face-and-body-treatments\/","title":{"rendered":"Face and body treatments"},"content":{"rendered":"","protected":false},"excerpt":{"rendered":"","protected":false},"author":3,"featured_media":0,"parent":0,"menu_order":0,"comment_status":"closed","ping_status":"closed","template":"","meta":{"_acf_changed":false,"inline_featured_image":false,"footnotes":""},"class_list":["post-3410","page","type-page","status-publish","hentry"],"acf":[],"yoast_head":"<!-- This site is optimized with the Yoast SEO plugin v27.4 - https:\/\/yoast.com\/product\/yoast-seo-wordpress\/ -->\n<title>Face and body treatments - Nolinski Venezia<\/title>\n<meta name=\"robots\" content=\"index, follow, max-snippet:-1, max-image-preview:large, max-video-preview:-1\" \/>\n<link rel=\"canonical\" href=\"https:\/\/nolinskivenezia.com\/en\/face-and-body-treatments\/\" \/>\n<script type=\"application\/ld+json\" class=\"yoast-schema-graph\">{\"@context\":\"https:\\\/\\\/schema.org\",\"@graph\":[{\"@type\":\"WebPage\",\"@id\":\"https:\\\/\\\/nolinskivenezia.com\\\/en\\\/face-and-body-treatments\\\/\",\"url\":\"https:\\\/\\\/nolinskivenezia.com\\\/en\\\/face-and-body-treatments\\\/\",\"name\":\"Face and body treatments - Nolinski Venezia\",\"isPartOf\":{\"@id\":\"https:\\\/\\\/nolinskivenezia.com\\\/#website\"},\"datePublished\":\"2025-04-28T08:55:14+00:00\",\"dateModified\":\"2025-05-13T09:35:57+00:00\",\"breadcrumb\":{\"@id\":\"https:\\\/\\\/nolinskivenezia.com\\\/en\\\/face-and-body-treatments\\\/#breadcrumb\"},\"inLanguage\":\"en-US\",\"potentialAction\":[{\"@type\":\"ReadAction\",\"target\":[\"https:\\\/\\\/nolinskivenezia.com\\\/en\\\/face-and-body-treatments\\\/\"]}]},{\"@type\":\"BreadcrumbList\",\"@id\":\"https:\\\/\\\/nolinskivenezia.com\\\/en\\\/face-and-body-treatments\\\/#breadcrumb\",\"itemListElement\":[{\"@type\":\"ListItem\",\"position\":1,\"name\":\"Accueil\",\"item\":\"https:\\\/\\\/nolinskivenezia.com\\\/en\\\/\"},{\"@type\":\"ListItem\",\"position\":2,\"name\":\"Face and body treatments\"}]},{\"@type\":\"WebSite\",\"@id\":\"https:\\\/\\\/nolinskivenezia.com\\\/#website\",\"url\":\"https:\\\/\\\/nolinskivenezia.com\\\/\",\"name\":\"Nolinski Venezia\",\"description\":\"H\u00f4tel 5 \u00e9toiles \u00e0 Venise, Italie\",\"potentialAction\":[{\"@type\":\"SearchAction\",\"target\":{\"@type\":\"EntryPoint\",\"urlTemplate\":\"https:\\\/\\\/nolinskivenezia.com\\\/?s={search_term_string}\"},\"query-input\":{\"@type\":\"PropertyValueSpecification\",\"valueRequired\":true,\"valueName\":\"search_term_string\"}}],\"inLanguage\":\"en-US\"}]}<\/script>\n<!-- \/ Yoast SEO plugin. -->","yoast_head_json":{"title":"Face and body treatments - Nolinski Venezia","robots":{"index":"index","follow":"follow","max-snippet":"max-snippet:-1","max-image-preview":"max-image-preview:large","max-video-preview":"max-video-preview:-1"},"canonical":"https:\/\/nolinskivenezia.com\/en\/face-and-body-treatments\/","schema":{"@context":"https:\/\/schema.org","@graph":[{"@type":"WebPage","@id":"https:\/\/nolinskivenezia.com\/en\/face-and-body-treatments\/","url":"https:\/\/nolinskivenezia.com\/en\/face-and-body-treatments\/","name":"Face and body treatments - Nolinski Venezia","isPartOf":{"@id":"https:\/\/nolinskivenezia.com\/#website"},"datePublished":"2025-04-28T08:55:14+00:00","dateModified":"2025-05-13T09:35:57+00:00","breadcrumb":{"@id":"https:\/\/nolinskivenezia.com\/en\/face-and-body-treatments\/#breadcrumb"},"inLanguage":"en-US","potentialAction":[{"@type":"ReadAction","target":["https:\/\/nolinskivenezia.com\/en\/face-and-body-treatments\/"]}]},{"@type":"BreadcrumbList","@id":"https:\/\/nolinskivenezia.com\/en\/face-and-body-treatments\/#breadcrumb","itemListElement":[{"@type":"ListItem","position":1,"name":"Accueil","item":"https:\/\/nolinskivenezia.com\/en\/"},{"@type":"ListItem","position":2,"name":"Face and body treatments"}]},{"@type":"WebSite","@id":"https:\/\/nolinskivenezia.com\/#website","url":"https:\/\/nolinskivenezia.com\/","name":"Nolinski Venezia","description":"H\u00f4tel 5 \u00e9toiles \u00e0 Venise, Italie","potentialAction":[{"@type":"SearchAction","target":{"@type":"EntryPoint","urlTemplate":"https:\/\/nolinskivenezia.com\/?s={search_term_string}"},"query-input":{"@type":"PropertyValueSpecification","valueRequired":true,"valueName":"search_term_string"}}],"inLanguage":"en-US"}]}},"_links":{"self":[{"href":"https:\/\/nolinskivenezia.com\/en\/wp-json\/wp\/v2\/pages\/3410","targetHints":{"allow":["GET"]}}],"collection":[{"href":"https:\/\/nolinskivenezia.com\/en\/wp-json\/wp\/v2\/pages"}],"about":[{"href":"https:\/\/nolinskivenezia.com\/en\/wp-json\/wp\/v2\/types\/page"}],"author":[{"embeddable":true,"href":"https:\/\/nolinskivenezia.com\/en\/wp-json\/wp\/v2\/users\/3"}],"replies":[{"embeddable":true,"href":"https:\/\/nolinskivenezia.com\/en\/wp-json\/wp\/v2\/comments?post=3410"}],"version-history":[{"count":4,"href":"https:\/\/nolinskivenezia.com\/en\/wp-json\/wp\/v2\/pages\/3410\/revisions"}],"predecessor-version":[{"id":3495,"href":"https:\/\/nolinskivenezia.com\/en\/wp-json\/wp\/v2\/pages\/3410\/revisions\/3495"}],"wp:attachment":[{"href":"https:\/\/nolinskivenezia.com\/en\/wp-json\/wp\/v2\/media?parent=3410"}],"curies":[{"name":"wp","href":"https:\/\/api.w.org\/{rel}","templated":true}]}}