{"id":829,"date":"2023-04-18T15:10:12","date_gmt":"2023-04-18T13:10:12","guid":{"rendered":"https:\/\/nolinskivenezia.com\/?page_id=829"},"modified":"2023-06-01T17:27:50","modified_gmt":"2023-06-01T15:27:50","slug":"neighborhood-history-what-to-do-visit","status":"publish","type":"page","link":"https:\/\/nolinskivenezia.com\/en\/neighborhood-history-what-to-do-visit\/","title":{"rendered":"Location &#038; Environment"},"content":{"rendered":"","protected":false},"excerpt":{"rendered":"","protected":false},"author":3,"featured_media":0,"parent":0,"menu_order":0,"comment_status":"closed","ping_status":"closed","template":"","meta":{"_acf_changed":false,"inline_featured_image":false,"footnotes":""},"class_list":["post-829","page","type-page","status-publish","hentry"],"acf":[],"yoast_head":"<!-- This site is optimized with the Yoast SEO plugin v27.4 - https:\/\/yoast.com\/product\/yoast-seo-wordpress\/ -->\n<title>Venice (Italy) luxury hotel stay, what to visit ? Original ideas<\/title>\n<meta name=\"description\" content=\"Nolinski Venezia - New 5 star luxury hotel in Venice (Italy) - What to do and visit during your stay? Some ideas for original walks.\" \/>\n<meta name=\"robots\" content=\"index, follow, max-snippet:-1, max-image-preview:large, max-video-preview:-1\" \/>\n<link rel=\"canonical\" href=\"https:\/\/nolinskivenezia.com\/en\/neighborhood-history-what-to-do-visit\/\" \/>\n<script type=\"application\/ld+json\" class=\"yoast-schema-graph\">{\"@context\":\"https:\\\/\\\/schema.org\",\"@graph\":[{\"@type\":\"WebPage\",\"@id\":\"https:\\\/\\\/nolinskivenezia.com\\\/en\\\/neighborhood-history-what-to-do-visit\\\/\",\"url\":\"https:\\\/\\\/nolinskivenezia.com\\\/en\\\/neighborhood-history-what-to-do-visit\\\/\",\"name\":\"Venice (Italy) luxury hotel stay, what to visit ? Original ideas\",\"isPartOf\":{\"@id\":\"https:\\\/\\\/nolinskivenezia.com\\\/#website\"},\"datePublished\":\"2023-04-18T13:10:12+00:00\",\"dateModified\":\"2023-06-01T15:27:50+00:00\",\"description\":\"Nolinski Venezia - New 5 star luxury hotel in Venice (Italy) - What to do and visit during your stay? Some ideas for original walks.\",\"breadcrumb\":{\"@id\":\"https:\\\/\\\/nolinskivenezia.com\\\/en\\\/neighborhood-history-what-to-do-visit\\\/#breadcrumb\"},\"inLanguage\":\"en-US\",\"potentialAction\":[{\"@type\":\"ReadAction\",\"target\":[\"https:\\\/\\\/nolinskivenezia.com\\\/en\\\/neighborhood-history-what-to-do-visit\\\/\"]}]},{\"@type\":\"BreadcrumbList\",\"@id\":\"https:\\\/\\\/nolinskivenezia.com\\\/en\\\/neighborhood-history-what-to-do-visit\\\/#breadcrumb\",\"itemListElement\":[{\"@type\":\"ListItem\",\"position\":1,\"name\":\"Accueil\",\"item\":\"https:\\\/\\\/nolinskivenezia.com\\\/en\\\/\"},{\"@type\":\"ListItem\",\"position\":2,\"name\":\"Location &#038; Environment\"}]},{\"@type\":\"WebSite\",\"@id\":\"https:\\\/\\\/nolinskivenezia.com\\\/#website\",\"url\":\"https:\\\/\\\/nolinskivenezia.com\\\/\",\"name\":\"Nolinski Venezia\",\"description\":\"H\u00f4tel 5 \u00e9toiles \u00e0 Venise, Italie\",\"potentialAction\":[{\"@type\":\"SearchAction\",\"target\":{\"@type\":\"EntryPoint\",\"urlTemplate\":\"https:\\\/\\\/nolinskivenezia.com\\\/?s={search_term_string}\"},\"query-input\":{\"@type\":\"PropertyValueSpecification\",\"valueRequired\":true,\"valueName\":\"search_term_string\"}}],\"inLanguage\":\"en-US\"}]}<\/script>\n<!-- \/ Yoast SEO plugin. -->","yoast_head_json":{"title":"Venice (Italy) luxury hotel stay, what to visit ? Original ideas","description":"Nolinski Venezia - New 5 star luxury hotel in Venice (Italy) - What to do and visit during your stay? Some ideas for original walks.","robots":{"index":"index","follow":"follow","max-snippet":"max-snippet:-1","max-image-preview":"max-image-preview:large","max-video-preview":"max-video-preview:-1"},"canonical":"https:\/\/nolinskivenezia.com\/en\/neighborhood-history-what-to-do-visit\/","schema":{"@context":"https:\/\/schema.org","@graph":[{"@type":"WebPage","@id":"https:\/\/nolinskivenezia.com\/en\/neighborhood-history-what-to-do-visit\/","url":"https:\/\/nolinskivenezia.com\/en\/neighborhood-history-what-to-do-visit\/","name":"Venice (Italy) luxury hotel stay, what to visit ? Original ideas","isPartOf":{"@id":"https:\/\/nolinskivenezia.com\/#website"},"datePublished":"2023-04-18T13:10:12+00:00","dateModified":"2023-06-01T15:27:50+00:00","description":"Nolinski Venezia - New 5 star luxury hotel in Venice (Italy) - What to do and visit during your stay? Some ideas for original walks.","breadcrumb":{"@id":"https:\/\/nolinskivenezia.com\/en\/neighborhood-history-what-to-do-visit\/#breadcrumb"},"inLanguage":"en-US","potentialAction":[{"@type":"ReadAction","target":["https:\/\/nolinskivenezia.com\/en\/neighborhood-history-what-to-do-visit\/"]}]},{"@type":"BreadcrumbList","@id":"https:\/\/nolinskivenezia.com\/en\/neighborhood-history-what-to-do-visit\/#breadcrumb","itemListElement":[{"@type":"ListItem","position":1,"name":"Accueil","item":"https:\/\/nolinskivenezia.com\/en\/"},{"@type":"ListItem","position":2,"name":"Location &#038; Environment"}]},{"@type":"WebSite","@id":"https:\/\/nolinskivenezia.com\/#website","url":"https:\/\/nolinskivenezia.com\/","name":"Nolinski Venezia","description":"H\u00f4tel 5 \u00e9toiles \u00e0 Venise, Italie","potentialAction":[{"@type":"SearchAction","target":{"@type":"EntryPoint","urlTemplate":"https:\/\/nolinskivenezia.com\/?s={search_term_string}"},"query-input":{"@type":"PropertyValueSpecification","valueRequired":true,"valueName":"search_term_string"}}],"inLanguage":"en-US"}]}},"_links":{"self":[{"href":"https:\/\/nolinskivenezia.com\/en\/wp-json\/wp\/v2\/pages\/829","targetHints":{"allow":["GET"]}}],"collection":[{"href":"https:\/\/nolinskivenezia.com\/en\/wp-json\/wp\/v2\/pages"}],"about":[{"href":"https:\/\/nolinskivenezia.com\/en\/wp-json\/wp\/v2\/types\/page"}],"author":[{"embeddable":true,"href":"https:\/\/nolinskivenezia.com\/en\/wp-json\/wp\/v2\/users\/3"}],"replies":[{"embeddable":true,"href":"https:\/\/nolinskivenezia.com\/en\/wp-json\/wp\/v2\/comments?post=829"}],"version-history":[{"count":19,"href":"https:\/\/nolinskivenezia.com\/en\/wp-json\/wp\/v2\/pages\/829\/revisions"}],"predecessor-version":[{"id":2136,"href":"https:\/\/nolinskivenezia.com\/en\/wp-json\/wp\/v2\/pages\/829\/revisions\/2136"}],"wp:attachment":[{"href":"https:\/\/nolinskivenezia.com\/en\/wp-json\/wp\/v2\/media?parent=829"}],"curies":[{"name":"wp","href":"https:\/\/api.w.org\/{rel}","templated":true}]}}