{"id":1789,"date":"2023-04-24T16:18:22","date_gmt":"2023-04-24T14:18:22","guid":{"rendered":"https:\/\/nolinskivenezia.com\/?page_id=1789"},"modified":"2024-01-24T16:10:51","modified_gmt":"2024-01-24T15:10:51","slug":"la-piscina","status":"publish","type":"page","link":"https:\/\/nolinskivenezia.com\/it\/la-piscina\/","title":{"rendered":"La piscina"},"content":{"rendered":"","protected":false},"excerpt":{"rendered":"","protected":false},"author":3,"featured_media":0,"parent":0,"menu_order":0,"comment_status":"closed","ping_status":"closed","template":"","meta":{"_acf_changed":false,"inline_featured_image":false,"footnotes":""},"class_list":["post-1789","page","type-page","status-publish","hentry"],"acf":[],"yoast_head":"<!-- This site is optimized with the Yoast SEO plugin v27.4 - https:\/\/yoast.com\/product\/yoast-seo-wordpress\/ -->\n<title>Piscina con vista a 360\u00b0 - Hotel 5 stelle lusso Venezia<\/title>\n<meta name=\"description\" content=\"Nolinski Venezia - Nuovo hotel 5 stelle lusso a Venezia - Un fascino che va oltre la piscina, provate la Piscina con vista a 360\u00b0.\" \/>\n<meta name=\"robots\" content=\"index, follow, max-snippet:-1, max-image-preview:large, max-video-preview:-1\" \/>\n<link rel=\"canonical\" href=\"https:\/\/nolinskivenezia.com\/it\/la-piscina\/\" \/>\n<script type=\"application\/ld+json\" class=\"yoast-schema-graph\">{\"@context\":\"https:\\\/\\\/schema.org\",\"@graph\":[{\"@type\":\"WebPage\",\"@id\":\"https:\\\/\\\/nolinskivenezia.com\\\/it\\\/la-piscina\\\/\",\"url\":\"https:\\\/\\\/nolinskivenezia.com\\\/it\\\/la-piscina\\\/\",\"name\":\"Piscina con vista a 360\u00b0 - Hotel 5 stelle lusso Venezia\",\"isPartOf\":{\"@id\":\"https:\\\/\\\/nolinskivenezia.com\\\/#website\"},\"datePublished\":\"2023-04-24T14:18:22+00:00\",\"dateModified\":\"2024-01-24T15:10:51+00:00\",\"description\":\"Nolinski Venezia - Nuovo hotel 5 stelle lusso a Venezia - Un fascino che va oltre la piscina, provate la Piscina con vista a 360\u00b0.\",\"breadcrumb\":{\"@id\":\"https:\\\/\\\/nolinskivenezia.com\\\/it\\\/la-piscina\\\/#breadcrumb\"},\"inLanguage\":\"it-IT\",\"potentialAction\":[{\"@type\":\"ReadAction\",\"target\":[\"https:\\\/\\\/nolinskivenezia.com\\\/it\\\/la-piscina\\\/\"]}]},{\"@type\":\"BreadcrumbList\",\"@id\":\"https:\\\/\\\/nolinskivenezia.com\\\/it\\\/la-piscina\\\/#breadcrumb\",\"itemListElement\":[{\"@type\":\"ListItem\",\"position\":1,\"name\":\"Accueil\",\"item\":\"https:\\\/\\\/nolinskivenezia.com\\\/it\\\/\"},{\"@type\":\"ListItem\",\"position\":2,\"name\":\"La piscina\"}]},{\"@type\":\"WebSite\",\"@id\":\"https:\\\/\\\/nolinskivenezia.com\\\/#website\",\"url\":\"https:\\\/\\\/nolinskivenezia.com\\\/\",\"name\":\"Nolinski Venezia\",\"description\":\"H\u00f4tel 5 \u00e9toiles \u00e0 Venise, Italie\",\"potentialAction\":[{\"@type\":\"SearchAction\",\"target\":{\"@type\":\"EntryPoint\",\"urlTemplate\":\"https:\\\/\\\/nolinskivenezia.com\\\/?s={search_term_string}\"},\"query-input\":{\"@type\":\"PropertyValueSpecification\",\"valueRequired\":true,\"valueName\":\"search_term_string\"}}],\"inLanguage\":\"it-IT\"}]}<\/script>\n<!-- \/ Yoast SEO plugin. -->","yoast_head_json":{"title":"Piscina con vista a 360\u00b0 - Hotel 5 stelle lusso Venezia","description":"Nolinski Venezia - Nuovo hotel 5 stelle lusso a Venezia - Un fascino che va oltre la piscina, provate la Piscina con vista a 360\u00b0.","robots":{"index":"index","follow":"follow","max-snippet":"max-snippet:-1","max-image-preview":"max-image-preview:large","max-video-preview":"max-video-preview:-1"},"canonical":"https:\/\/nolinskivenezia.com\/it\/la-piscina\/","schema":{"@context":"https:\/\/schema.org","@graph":[{"@type":"WebPage","@id":"https:\/\/nolinskivenezia.com\/it\/la-piscina\/","url":"https:\/\/nolinskivenezia.com\/it\/la-piscina\/","name":"Piscina con vista a 360\u00b0 - Hotel 5 stelle lusso Venezia","isPartOf":{"@id":"https:\/\/nolinskivenezia.com\/#website"},"datePublished":"2023-04-24T14:18:22+00:00","dateModified":"2024-01-24T15:10:51+00:00","description":"Nolinski Venezia - Nuovo hotel 5 stelle lusso a Venezia - Un fascino che va oltre la piscina, provate la Piscina con vista a 360\u00b0.","breadcrumb":{"@id":"https:\/\/nolinskivenezia.com\/it\/la-piscina\/#breadcrumb"},"inLanguage":"it-IT","potentialAction":[{"@type":"ReadAction","target":["https:\/\/nolinskivenezia.com\/it\/la-piscina\/"]}]},{"@type":"BreadcrumbList","@id":"https:\/\/nolinskivenezia.com\/it\/la-piscina\/#breadcrumb","itemListElement":[{"@type":"ListItem","position":1,"name":"Accueil","item":"https:\/\/nolinskivenezia.com\/it\/"},{"@type":"ListItem","position":2,"name":"La piscina"}]},{"@type":"WebSite","@id":"https:\/\/nolinskivenezia.com\/#website","url":"https:\/\/nolinskivenezia.com\/","name":"Nolinski Venezia","description":"H\u00f4tel 5 \u00e9toiles \u00e0 Venise, Italie","potentialAction":[{"@type":"SearchAction","target":{"@type":"EntryPoint","urlTemplate":"https:\/\/nolinskivenezia.com\/?s={search_term_string}"},"query-input":{"@type":"PropertyValueSpecification","valueRequired":true,"valueName":"search_term_string"}}],"inLanguage":"it-IT"}]}},"_links":{"self":[{"href":"https:\/\/nolinskivenezia.com\/it\/wp-json\/wp\/v2\/pages\/1789","targetHints":{"allow":["GET"]}}],"collection":[{"href":"https:\/\/nolinskivenezia.com\/it\/wp-json\/wp\/v2\/pages"}],"about":[{"href":"https:\/\/nolinskivenezia.com\/it\/wp-json\/wp\/v2\/types\/page"}],"author":[{"embeddable":true,"href":"https:\/\/nolinskivenezia.com\/it\/wp-json\/wp\/v2\/users\/3"}],"replies":[{"embeddable":true,"href":"https:\/\/nolinskivenezia.com\/it\/wp-json\/wp\/v2\/comments?post=1789"}],"version-history":[{"count":10,"href":"https:\/\/nolinskivenezia.com\/it\/wp-json\/wp\/v2\/pages\/1789\/revisions"}],"predecessor-version":[{"id":2617,"href":"https:\/\/nolinskivenezia.com\/it\/wp-json\/wp\/v2\/pages\/1789\/revisions\/2617"}],"wp:attachment":[{"href":"https:\/\/nolinskivenezia.com\/it\/wp-json\/wp\/v2\/media?parent=1789"}],"curies":[{"name":"wp","href":"https:\/\/api.w.org\/{rel}","templated":true}]}}