{"id":1843,"date":"2023-05-02T17:46:03","date_gmt":"2023-05-02T15:46:03","guid":{"rendered":"https:\/\/nolinskivenezia.com\/?page_id=1843"},"modified":"2025-10-17T14:56:48","modified_gmt":"2025-10-17T12:56:48","slug":"benessere","status":"publish","type":"page","link":"https:\/\/nolinskivenezia.com\/it\/benessere\/","title":{"rendered":"Benessere"},"content":{"rendered":"","protected":false},"excerpt":{"rendered":"","protected":false},"author":3,"featured_media":0,"parent":0,"menu_order":0,"comment_status":"closed","ping_status":"closed","template":"","meta":{"_acf_changed":false,"inline_featured_image":false,"footnotes":""},"class_list":["post-1843","page","type-page","status-publish","hentry"],"acf":[],"yoast_head":"<!-- This site is optimized with the Yoast SEO plugin v27.4 - https:\/\/yoast.com\/product\/yoast-seo-wordpress\/ -->\n<title>Relax, Spa Benessere Hotel 5 stelle lusso Venezia<\/title>\n<meta name=\"description\" content=\"Nolinski Venezia - Nuovo hotel 5 stelle lusso - Un luogo di relax e benessere: myBlend la cabina trattamenti e Pool con vista sui tetti. Prenota ora!\" \/>\n<meta name=\"robots\" content=\"index, follow, max-snippet:-1, max-image-preview:large, max-video-preview:-1\" \/>\n<link rel=\"canonical\" href=\"https:\/\/nolinskivenezia.com\/it\/benessere\/\" \/>\n<script type=\"application\/ld+json\" class=\"yoast-schema-graph\">{\"@context\":\"https:\\\/\\\/schema.org\",\"@graph\":[{\"@type\":\"WebPage\",\"@id\":\"https:\\\/\\\/nolinskivenezia.com\\\/it\\\/benessere\\\/\",\"url\":\"https:\\\/\\\/nolinskivenezia.com\\\/it\\\/benessere\\\/\",\"name\":\"Relax, Spa Benessere Hotel 5 stelle lusso Venezia\",\"isPartOf\":{\"@id\":\"https:\\\/\\\/nolinskivenezia.com\\\/#website\"},\"datePublished\":\"2023-05-02T15:46:03+00:00\",\"dateModified\":\"2025-10-17T12:56:48+00:00\",\"description\":\"Nolinski Venezia - Nuovo hotel 5 stelle lusso - Un luogo di relax e benessere: myBlend la cabina trattamenti e Pool con vista sui tetti. Prenota ora!\",\"breadcrumb\":{\"@id\":\"https:\\\/\\\/nolinskivenezia.com\\\/it\\\/benessere\\\/#breadcrumb\"},\"inLanguage\":\"it-IT\",\"potentialAction\":[{\"@type\":\"ReadAction\",\"target\":[\"https:\\\/\\\/nolinskivenezia.com\\\/it\\\/benessere\\\/\"]}]},{\"@type\":\"BreadcrumbList\",\"@id\":\"https:\\\/\\\/nolinskivenezia.com\\\/it\\\/benessere\\\/#breadcrumb\",\"itemListElement\":[{\"@type\":\"ListItem\",\"position\":1,\"name\":\"Accueil\",\"item\":\"https:\\\/\\\/nolinskivenezia.com\\\/it\\\/\"},{\"@type\":\"ListItem\",\"position\":2,\"name\":\"Benessere\"}]},{\"@type\":\"WebSite\",\"@id\":\"https:\\\/\\\/nolinskivenezia.com\\\/#website\",\"url\":\"https:\\\/\\\/nolinskivenezia.com\\\/\",\"name\":\"Nolinski Venezia\",\"description\":\"H\u00f4tel 5 \u00e9toiles \u00e0 Venise, Italie\",\"potentialAction\":[{\"@type\":\"SearchAction\",\"target\":{\"@type\":\"EntryPoint\",\"urlTemplate\":\"https:\\\/\\\/nolinskivenezia.com\\\/?s={search_term_string}\"},\"query-input\":{\"@type\":\"PropertyValueSpecification\",\"valueRequired\":true,\"valueName\":\"search_term_string\"}}],\"inLanguage\":\"it-IT\"}]}<\/script>\n<!-- \/ Yoast SEO plugin. -->","yoast_head_json":{"title":"Relax, Spa Benessere Hotel 5 stelle lusso Venezia","description":"Nolinski Venezia - Nuovo hotel 5 stelle lusso - Un luogo di relax e benessere: myBlend la cabina trattamenti e Pool con vista sui tetti. Prenota ora!","robots":{"index":"index","follow":"follow","max-snippet":"max-snippet:-1","max-image-preview":"max-image-preview:large","max-video-preview":"max-video-preview:-1"},"canonical":"https:\/\/nolinskivenezia.com\/it\/benessere\/","schema":{"@context":"https:\/\/schema.org","@graph":[{"@type":"WebPage","@id":"https:\/\/nolinskivenezia.com\/it\/benessere\/","url":"https:\/\/nolinskivenezia.com\/it\/benessere\/","name":"Relax, Spa Benessere Hotel 5 stelle lusso Venezia","isPartOf":{"@id":"https:\/\/nolinskivenezia.com\/#website"},"datePublished":"2023-05-02T15:46:03+00:00","dateModified":"2025-10-17T12:56:48+00:00","description":"Nolinski Venezia - Nuovo hotel 5 stelle lusso - Un luogo di relax e benessere: myBlend la cabina trattamenti e Pool con vista sui tetti. Prenota ora!","breadcrumb":{"@id":"https:\/\/nolinskivenezia.com\/it\/benessere\/#breadcrumb"},"inLanguage":"it-IT","potentialAction":[{"@type":"ReadAction","target":["https:\/\/nolinskivenezia.com\/it\/benessere\/"]}]},{"@type":"BreadcrumbList","@id":"https:\/\/nolinskivenezia.com\/it\/benessere\/#breadcrumb","itemListElement":[{"@type":"ListItem","position":1,"name":"Accueil","item":"https:\/\/nolinskivenezia.com\/it\/"},{"@type":"ListItem","position":2,"name":"Benessere"}]},{"@type":"WebSite","@id":"https:\/\/nolinskivenezia.com\/#website","url":"https:\/\/nolinskivenezia.com\/","name":"Nolinski Venezia","description":"H\u00f4tel 5 \u00e9toiles \u00e0 Venise, Italie","potentialAction":[{"@type":"SearchAction","target":{"@type":"EntryPoint","urlTemplate":"https:\/\/nolinskivenezia.com\/?s={search_term_string}"},"query-input":{"@type":"PropertyValueSpecification","valueRequired":true,"valueName":"search_term_string"}}],"inLanguage":"it-IT"}]}},"_links":{"self":[{"href":"https:\/\/nolinskivenezia.com\/it\/wp-json\/wp\/v2\/pages\/1843","targetHints":{"allow":["GET"]}}],"collection":[{"href":"https:\/\/nolinskivenezia.com\/it\/wp-json\/wp\/v2\/pages"}],"about":[{"href":"https:\/\/nolinskivenezia.com\/it\/wp-json\/wp\/v2\/types\/page"}],"author":[{"embeddable":true,"href":"https:\/\/nolinskivenezia.com\/it\/wp-json\/wp\/v2\/users\/3"}],"replies":[{"embeddable":true,"href":"https:\/\/nolinskivenezia.com\/it\/wp-json\/wp\/v2\/comments?post=1843"}],"version-history":[{"count":8,"href":"https:\/\/nolinskivenezia.com\/it\/wp-json\/wp\/v2\/pages\/1843\/revisions"}],"predecessor-version":[{"id":3672,"href":"https:\/\/nolinskivenezia.com\/it\/wp-json\/wp\/v2\/pages\/1843\/revisions\/3672"}],"wp:attachment":[{"href":"https:\/\/nolinskivenezia.com\/it\/wp-json\/wp\/v2\/media?parent=1843"}],"curies":[{"name":"wp","href":"https:\/\/api.w.org\/{rel}","templated":true}]}}