{"id":3234,"date":"2025-02-28T15:01:05","date_gmt":"2025-02-28T14:01:05","guid":{"rendered":"https:\/\/nolinskivenezia.com\/?page_id=3234"},"modified":"2025-04-24T12:18:44","modified_gmt":"2025-04-24T10:18:44","slug":"termini-condizioni-dell-hotel","status":"publish","type":"page","link":"https:\/\/nolinskivenezia.com\/it\/termini-condizioni-dell-hotel\/","title":{"rendered":"Termini e condizioni dell&#8217;hotel"},"content":{"rendered":"","protected":false},"excerpt":{"rendered":"","protected":false},"author":3,"featured_media":0,"parent":0,"menu_order":0,"comment_status":"closed","ping_status":"closed","template":"","meta":{"_acf_changed":false,"inline_featured_image":false,"footnotes":""},"class_list":["post-3234","page","type-page","status-publish","hentry"],"acf":[],"yoast_head":"<!-- This site is optimized with the Yoast SEO plugin v27.5 - https:\/\/yoast.com\/product\/yoast-seo-wordpress\/ -->\n<title>Termini e condizioni dell&#039;hotel - Nolinski Venezia<\/title>\n<meta name=\"robots\" content=\"index, follow, max-snippet:-1, max-image-preview:large, max-video-preview:-1\" \/>\n<link rel=\"canonical\" href=\"https:\/\/nolinskivenezia.com\/it\/termini-condizioni-dell-hotel\/\" \/>\n<script type=\"application\/ld+json\" class=\"yoast-schema-graph\">{\"@context\":\"https:\\\/\\\/schema.org\",\"@graph\":[{\"@type\":\"WebPage\",\"@id\":\"https:\\\/\\\/nolinskivenezia.com\\\/it\\\/termini-condizioni-dell-hotel\\\/\",\"url\":\"https:\\\/\\\/nolinskivenezia.com\\\/it\\\/termini-condizioni-dell-hotel\\\/\",\"name\":\"Termini e condizioni dell'hotel - Nolinski Venezia\",\"isPartOf\":{\"@id\":\"https:\\\/\\\/nolinskivenezia.com\\\/#website\"},\"datePublished\":\"2025-02-28T14:01:05+00:00\",\"dateModified\":\"2025-04-24T10:18:44+00:00\",\"breadcrumb\":{\"@id\":\"https:\\\/\\\/nolinskivenezia.com\\\/it\\\/termini-condizioni-dell-hotel\\\/#breadcrumb\"},\"inLanguage\":\"it-IT\",\"potentialAction\":[{\"@type\":\"ReadAction\",\"target\":[\"https:\\\/\\\/nolinskivenezia.com\\\/it\\\/termini-condizioni-dell-hotel\\\/\"]}]},{\"@type\":\"BreadcrumbList\",\"@id\":\"https:\\\/\\\/nolinskivenezia.com\\\/it\\\/termini-condizioni-dell-hotel\\\/#breadcrumb\",\"itemListElement\":[{\"@type\":\"ListItem\",\"position\":1,\"name\":\"Accueil\",\"item\":\"https:\\\/\\\/nolinskivenezia.com\\\/it\\\/\"},{\"@type\":\"ListItem\",\"position\":2,\"name\":\"Termini e condizioni dell&rsquo;hotel\"}]},{\"@type\":\"WebSite\",\"@id\":\"https:\\\/\\\/nolinskivenezia.com\\\/#website\",\"url\":\"https:\\\/\\\/nolinskivenezia.com\\\/\",\"name\":\"Nolinski Venezia\",\"description\":\"H\u00f4tel 5 \u00e9toiles \u00e0 Venise, Italie\",\"potentialAction\":[{\"@type\":\"SearchAction\",\"target\":{\"@type\":\"EntryPoint\",\"urlTemplate\":\"https:\\\/\\\/nolinskivenezia.com\\\/?s={search_term_string}\"},\"query-input\":{\"@type\":\"PropertyValueSpecification\",\"valueRequired\":true,\"valueName\":\"search_term_string\"}}],\"inLanguage\":\"it-IT\"}]}<\/script>\n<!-- \/ Yoast SEO plugin. -->","yoast_head_json":{"title":"Termini e condizioni dell'hotel - Nolinski Venezia","robots":{"index":"index","follow":"follow","max-snippet":"max-snippet:-1","max-image-preview":"max-image-preview:large","max-video-preview":"max-video-preview:-1"},"canonical":"https:\/\/nolinskivenezia.com\/it\/termini-condizioni-dell-hotel\/","schema":{"@context":"https:\/\/schema.org","@graph":[{"@type":"WebPage","@id":"https:\/\/nolinskivenezia.com\/it\/termini-condizioni-dell-hotel\/","url":"https:\/\/nolinskivenezia.com\/it\/termini-condizioni-dell-hotel\/","name":"Termini e condizioni dell'hotel - Nolinski Venezia","isPartOf":{"@id":"https:\/\/nolinskivenezia.com\/#website"},"datePublished":"2025-02-28T14:01:05+00:00","dateModified":"2025-04-24T10:18:44+00:00","breadcrumb":{"@id":"https:\/\/nolinskivenezia.com\/it\/termini-condizioni-dell-hotel\/#breadcrumb"},"inLanguage":"it-IT","potentialAction":[{"@type":"ReadAction","target":["https:\/\/nolinskivenezia.com\/it\/termini-condizioni-dell-hotel\/"]}]},{"@type":"BreadcrumbList","@id":"https:\/\/nolinskivenezia.com\/it\/termini-condizioni-dell-hotel\/#breadcrumb","itemListElement":[{"@type":"ListItem","position":1,"name":"Accueil","item":"https:\/\/nolinskivenezia.com\/it\/"},{"@type":"ListItem","position":2,"name":"Termini e condizioni dell&rsquo;hotel"}]},{"@type":"WebSite","@id":"https:\/\/nolinskivenezia.com\/#website","url":"https:\/\/nolinskivenezia.com\/","name":"Nolinski Venezia","description":"H\u00f4tel 5 \u00e9toiles \u00e0 Venise, Italie","potentialAction":[{"@type":"SearchAction","target":{"@type":"EntryPoint","urlTemplate":"https:\/\/nolinskivenezia.com\/?s={search_term_string}"},"query-input":{"@type":"PropertyValueSpecification","valueRequired":true,"valueName":"search_term_string"}}],"inLanguage":"it-IT"}]}},"_links":{"self":[{"href":"https:\/\/nolinskivenezia.com\/it\/wp-json\/wp\/v2\/pages\/3234","targetHints":{"allow":["GET"]}}],"collection":[{"href":"https:\/\/nolinskivenezia.com\/it\/wp-json\/wp\/v2\/pages"}],"about":[{"href":"https:\/\/nolinskivenezia.com\/it\/wp-json\/wp\/v2\/types\/page"}],"author":[{"embeddable":true,"href":"https:\/\/nolinskivenezia.com\/it\/wp-json\/wp\/v2\/users\/3"}],"replies":[{"embeddable":true,"href":"https:\/\/nolinskivenezia.com\/it\/wp-json\/wp\/v2\/comments?post=3234"}],"version-history":[{"count":5,"href":"https:\/\/nolinskivenezia.com\/it\/wp-json\/wp\/v2\/pages\/3234\/revisions"}],"predecessor-version":[{"id":3392,"href":"https:\/\/nolinskivenezia.com\/it\/wp-json\/wp\/v2\/pages\/3234\/revisions\/3392"}],"wp:attachment":[{"href":"https:\/\/nolinskivenezia.com\/it\/wp-json\/wp\/v2\/media?parent=3234"}],"curies":[{"name":"wp","href":"https:\/\/api.w.org\/{rel}","templated":true}]}}