{"id":3340,"date":"2025-05-13T12:10:14","date_gmt":"2025-05-13T10:10:14","guid":{"rendered":"https:\/\/nolinskivenezia.com\/?page_id=3340"},"modified":"2025-05-15T09:21:55","modified_gmt":"2025-05-15T07:21:55","slug":"spa-hotel-di-lusso","status":"publish","type":"page","link":"https:\/\/nolinskivenezia.com\/it\/spa-hotel-di-lusso\/","title":{"rendered":"Cabina trattamenti"},"content":{"rendered":"","protected":false},"excerpt":{"rendered":"","protected":false},"author":3,"featured_media":0,"parent":0,"menu_order":0,"comment_status":"closed","ping_status":"closed","template":"","meta":{"_acf_changed":false,"inline_featured_image":false,"footnotes":""},"class_list":["post-3340","page","type-page","status-publish","hentry"],"acf":[],"yoast_head":"<!-- This site is optimized with the Yoast SEO plugin v27.4 - https:\/\/yoast.com\/product\/yoast-seo-wordpress\/ -->\n<title>Spa di lusso myBlend - Nuovo hotel 5 stelle Venezia<\/title>\n<meta name=\"description\" content=\"Nolinski Venezia - Nuovo hotel 5 stelle lusso - Prenotate un trattamento nella cabina trattamenti nel cuore di Venezia, in un ambiente di ispirazione ottomana.\" \/>\n<meta name=\"robots\" content=\"index, follow, max-snippet:-1, max-image-preview:large, max-video-preview:-1\" \/>\n<link rel=\"canonical\" href=\"https:\/\/nolinskivenezia.com\/it\/spa-hotel-di-lusso\/\" \/>\n<script type=\"application\/ld+json\" class=\"yoast-schema-graph\">{\"@context\":\"https:\\\/\\\/schema.org\",\"@graph\":[{\"@type\":\"WebPage\",\"@id\":\"https:\\\/\\\/nolinskivenezia.com\\\/it\\\/spa-hotel-di-lusso\\\/\",\"url\":\"https:\\\/\\\/nolinskivenezia.com\\\/it\\\/spa-hotel-di-lusso\\\/\",\"name\":\"Spa di lusso myBlend - Nuovo hotel 5 stelle Venezia\",\"isPartOf\":{\"@id\":\"https:\\\/\\\/nolinskivenezia.com\\\/#website\"},\"datePublished\":\"2025-05-13T10:10:14+00:00\",\"dateModified\":\"2025-05-15T07:21:55+00:00\",\"description\":\"Nolinski Venezia - Nuovo hotel 5 stelle lusso - Prenotate un trattamento nella cabina trattamenti nel cuore di Venezia, in un ambiente di ispirazione ottomana.\",\"breadcrumb\":{\"@id\":\"https:\\\/\\\/nolinskivenezia.com\\\/it\\\/spa-hotel-di-lusso\\\/#breadcrumb\"},\"inLanguage\":\"it-IT\",\"potentialAction\":[{\"@type\":\"ReadAction\",\"target\":[\"https:\\\/\\\/nolinskivenezia.com\\\/it\\\/spa-hotel-di-lusso\\\/\"]}]},{\"@type\":\"BreadcrumbList\",\"@id\":\"https:\\\/\\\/nolinskivenezia.com\\\/it\\\/spa-hotel-di-lusso\\\/#breadcrumb\",\"itemListElement\":[{\"@type\":\"ListItem\",\"position\":1,\"name\":\"Accueil\",\"item\":\"https:\\\/\\\/nolinskivenezia.com\\\/it\\\/\"},{\"@type\":\"ListItem\",\"position\":2,\"name\":\"Cabina trattamenti\"}]},{\"@type\":\"WebSite\",\"@id\":\"https:\\\/\\\/nolinskivenezia.com\\\/#website\",\"url\":\"https:\\\/\\\/nolinskivenezia.com\\\/\",\"name\":\"Nolinski Venezia\",\"description\":\"H\u00f4tel 5 \u00e9toiles \u00e0 Venise, Italie\",\"potentialAction\":[{\"@type\":\"SearchAction\",\"target\":{\"@type\":\"EntryPoint\",\"urlTemplate\":\"https:\\\/\\\/nolinskivenezia.com\\\/?s={search_term_string}\"},\"query-input\":{\"@type\":\"PropertyValueSpecification\",\"valueRequired\":true,\"valueName\":\"search_term_string\"}}],\"inLanguage\":\"it-IT\"}]}<\/script>\n<!-- \/ Yoast SEO plugin. -->","yoast_head_json":{"title":"Spa di lusso myBlend - Nuovo hotel 5 stelle Venezia","description":"Nolinski Venezia - Nuovo hotel 5 stelle lusso - Prenotate un trattamento nella cabina trattamenti nel cuore di Venezia, in un ambiente di ispirazione ottomana.","robots":{"index":"index","follow":"follow","max-snippet":"max-snippet:-1","max-image-preview":"max-image-preview:large","max-video-preview":"max-video-preview:-1"},"canonical":"https:\/\/nolinskivenezia.com\/it\/spa-hotel-di-lusso\/","schema":{"@context":"https:\/\/schema.org","@graph":[{"@type":"WebPage","@id":"https:\/\/nolinskivenezia.com\/it\/spa-hotel-di-lusso\/","url":"https:\/\/nolinskivenezia.com\/it\/spa-hotel-di-lusso\/","name":"Spa di lusso myBlend - Nuovo hotel 5 stelle Venezia","isPartOf":{"@id":"https:\/\/nolinskivenezia.com\/#website"},"datePublished":"2025-05-13T10:10:14+00:00","dateModified":"2025-05-15T07:21:55+00:00","description":"Nolinski Venezia - Nuovo hotel 5 stelle lusso - Prenotate un trattamento nella cabina trattamenti nel cuore di Venezia, in un ambiente di ispirazione ottomana.","breadcrumb":{"@id":"https:\/\/nolinskivenezia.com\/it\/spa-hotel-di-lusso\/#breadcrumb"},"inLanguage":"it-IT","potentialAction":[{"@type":"ReadAction","target":["https:\/\/nolinskivenezia.com\/it\/spa-hotel-di-lusso\/"]}]},{"@type":"BreadcrumbList","@id":"https:\/\/nolinskivenezia.com\/it\/spa-hotel-di-lusso\/#breadcrumb","itemListElement":[{"@type":"ListItem","position":1,"name":"Accueil","item":"https:\/\/nolinskivenezia.com\/it\/"},{"@type":"ListItem","position":2,"name":"Cabina trattamenti"}]},{"@type":"WebSite","@id":"https:\/\/nolinskivenezia.com\/#website","url":"https:\/\/nolinskivenezia.com\/","name":"Nolinski Venezia","description":"H\u00f4tel 5 \u00e9toiles \u00e0 Venise, Italie","potentialAction":[{"@type":"SearchAction","target":{"@type":"EntryPoint","urlTemplate":"https:\/\/nolinskivenezia.com\/?s={search_term_string}"},"query-input":{"@type":"PropertyValueSpecification","valueRequired":true,"valueName":"search_term_string"}}],"inLanguage":"it-IT"}]}},"_links":{"self":[{"href":"https:\/\/nolinskivenezia.com\/it\/wp-json\/wp\/v2\/pages\/3340","targetHints":{"allow":["GET"]}}],"collection":[{"href":"https:\/\/nolinskivenezia.com\/it\/wp-json\/wp\/v2\/pages"}],"about":[{"href":"https:\/\/nolinskivenezia.com\/it\/wp-json\/wp\/v2\/types\/page"}],"author":[{"embeddable":true,"href":"https:\/\/nolinskivenezia.com\/it\/wp-json\/wp\/v2\/users\/3"}],"replies":[{"embeddable":true,"href":"https:\/\/nolinskivenezia.com\/it\/wp-json\/wp\/v2\/comments?post=3340"}],"version-history":[{"count":9,"href":"https:\/\/nolinskivenezia.com\/it\/wp-json\/wp\/v2\/pages\/3340\/revisions"}],"predecessor-version":[{"id":3516,"href":"https:\/\/nolinskivenezia.com\/it\/wp-json\/wp\/v2\/pages\/3340\/revisions\/3516"}],"wp:attachment":[{"href":"https:\/\/nolinskivenezia.com\/it\/wp-json\/wp\/v2\/media?parent=3340"}],"curies":[{"name":"wp","href":"https:\/\/api.w.org\/{rel}","templated":true}]}}