{"id":3842,"date":"2026-04-16T17:18:11","date_gmt":"2026-04-16T15:18:11","guid":{"rendered":"https:\/\/nolinskivenezia.com\/?page_id=3842"},"modified":"2026-04-22T10:21:28","modified_gmt":"2026-04-22T08:21:28","slug":"esperienze","status":"publish","type":"page","link":"https:\/\/nolinskivenezia.com\/it\/esperienze\/","title":{"rendered":"Esperienze"},"content":{"rendered":"","protected":false},"excerpt":{"rendered":"","protected":false},"author":8,"featured_media":0,"parent":0,"menu_order":0,"comment_status":"closed","ping_status":"closed","template":"","meta":{"_acf_changed":false,"inline_featured_image":false,"footnotes":""},"class_list":["post-3842","page","type-page","status-publish","hentry"],"acf":[],"yoast_head":"<!-- This site is optimized with the Yoast SEO plugin v27.6 - https:\/\/yoast.com\/product\/yoast-seo-wordpress\/ -->\n<title>Esperienze - Nolinski Venezia<\/title>\n<meta name=\"robots\" content=\"index, follow, max-snippet:-1, max-image-preview:large, max-video-preview:-1\" \/>\n<link rel=\"canonical\" href=\"https:\/\/nolinskivenezia.com\/it\/esperienze\/\" \/>\n<script type=\"application\/ld+json\" class=\"yoast-schema-graph\">{\"@context\":\"https:\\\/\\\/schema.org\",\"@graph\":[{\"@type\":\"WebPage\",\"@id\":\"https:\\\/\\\/nolinskivenezia.com\\\/it\\\/esperienze\\\/\",\"url\":\"https:\\\/\\\/nolinskivenezia.com\\\/it\\\/esperienze\\\/\",\"name\":\"Esperienze - Nolinski Venezia\",\"isPartOf\":{\"@id\":\"https:\\\/\\\/nolinskivenezia.com\\\/#website\"},\"datePublished\":\"2026-04-16T15:18:11+00:00\",\"dateModified\":\"2026-04-22T08:21:28+00:00\",\"breadcrumb\":{\"@id\":\"https:\\\/\\\/nolinskivenezia.com\\\/it\\\/esperienze\\\/#breadcrumb\"},\"inLanguage\":\"it-IT\",\"potentialAction\":[{\"@type\":\"ReadAction\",\"target\":[\"https:\\\/\\\/nolinskivenezia.com\\\/it\\\/esperienze\\\/\"]}]},{\"@type\":\"BreadcrumbList\",\"@id\":\"https:\\\/\\\/nolinskivenezia.com\\\/it\\\/esperienze\\\/#breadcrumb\",\"itemListElement\":[{\"@type\":\"ListItem\",\"position\":1,\"name\":\"Accueil\",\"item\":\"https:\\\/\\\/nolinskivenezia.com\\\/it\\\/\"},{\"@type\":\"ListItem\",\"position\":2,\"name\":\"Esperienze\"}]},{\"@type\":\"WebSite\",\"@id\":\"https:\\\/\\\/nolinskivenezia.com\\\/#website\",\"url\":\"https:\\\/\\\/nolinskivenezia.com\\\/\",\"name\":\"Nolinski Venezia\",\"description\":\"H\u00f4tel 5 \u00e9toiles \u00e0 Venise, Italie\",\"potentialAction\":[{\"@type\":\"SearchAction\",\"target\":{\"@type\":\"EntryPoint\",\"urlTemplate\":\"https:\\\/\\\/nolinskivenezia.com\\\/?s={search_term_string}\"},\"query-input\":{\"@type\":\"PropertyValueSpecification\",\"valueRequired\":true,\"valueName\":\"search_term_string\"}}],\"inLanguage\":\"it-IT\"}]}<\/script>\n<!-- \/ Yoast SEO plugin. -->","yoast_head_json":{"title":"Esperienze - Nolinski Venezia","robots":{"index":"index","follow":"follow","max-snippet":"max-snippet:-1","max-image-preview":"max-image-preview:large","max-video-preview":"max-video-preview:-1"},"canonical":"https:\/\/nolinskivenezia.com\/it\/esperienze\/","schema":{"@context":"https:\/\/schema.org","@graph":[{"@type":"WebPage","@id":"https:\/\/nolinskivenezia.com\/it\/esperienze\/","url":"https:\/\/nolinskivenezia.com\/it\/esperienze\/","name":"Esperienze - Nolinski Venezia","isPartOf":{"@id":"https:\/\/nolinskivenezia.com\/#website"},"datePublished":"2026-04-16T15:18:11+00:00","dateModified":"2026-04-22T08:21:28+00:00","breadcrumb":{"@id":"https:\/\/nolinskivenezia.com\/it\/esperienze\/#breadcrumb"},"inLanguage":"it-IT","potentialAction":[{"@type":"ReadAction","target":["https:\/\/nolinskivenezia.com\/it\/esperienze\/"]}]},{"@type":"BreadcrumbList","@id":"https:\/\/nolinskivenezia.com\/it\/esperienze\/#breadcrumb","itemListElement":[{"@type":"ListItem","position":1,"name":"Accueil","item":"https:\/\/nolinskivenezia.com\/it\/"},{"@type":"ListItem","position":2,"name":"Esperienze"}]},{"@type":"WebSite","@id":"https:\/\/nolinskivenezia.com\/#website","url":"https:\/\/nolinskivenezia.com\/","name":"Nolinski Venezia","description":"H\u00f4tel 5 \u00e9toiles \u00e0 Venise, Italie","potentialAction":[{"@type":"SearchAction","target":{"@type":"EntryPoint","urlTemplate":"https:\/\/nolinskivenezia.com\/?s={search_term_string}"},"query-input":{"@type":"PropertyValueSpecification","valueRequired":true,"valueName":"search_term_string"}}],"inLanguage":"it-IT"}]}},"_links":{"self":[{"href":"https:\/\/nolinskivenezia.com\/it\/wp-json\/wp\/v2\/pages\/3842","targetHints":{"allow":["GET"]}}],"collection":[{"href":"https:\/\/nolinskivenezia.com\/it\/wp-json\/wp\/v2\/pages"}],"about":[{"href":"https:\/\/nolinskivenezia.com\/it\/wp-json\/wp\/v2\/types\/page"}],"author":[{"embeddable":true,"href":"https:\/\/nolinskivenezia.com\/it\/wp-json\/wp\/v2\/users\/8"}],"replies":[{"embeddable":true,"href":"https:\/\/nolinskivenezia.com\/it\/wp-json\/wp\/v2\/comments?post=3842"}],"version-history":[{"count":18,"href":"https:\/\/nolinskivenezia.com\/it\/wp-json\/wp\/v2\/pages\/3842\/revisions"}],"predecessor-version":[{"id":4020,"href":"https:\/\/nolinskivenezia.com\/it\/wp-json\/wp\/v2\/pages\/3842\/revisions\/4020"}],"wp:attachment":[{"href":"https:\/\/nolinskivenezia.com\/it\/wp-json\/wp\/v2\/media?parent=3842"}],"curies":[{"name":"wp","href":"https:\/\/api.w.org\/{rel}","templated":true}]}}