{"id":4052,"date":"2026-05-06T14:32:26","date_gmt":"2026-05-06T12:32:26","guid":{"rendered":"https:\/\/nolinskivenezia.com\/zeffirino-venezia-restaurant\/"},"modified":"2026-05-06T15:01:13","modified_gmt":"2026-05-06T13:01:13","slug":"zeffirino-venezia-ristorante","status":"publish","type":"page","link":"https:\/\/nolinskivenezia.com\/it\/zeffirino-venezia-ristorante\/","title":{"rendered":"Zeffirino Venezia"},"content":{"rendered":"","protected":false},"excerpt":{"rendered":"","protected":false},"author":4,"featured_media":0,"parent":0,"menu_order":0,"comment_status":"closed","ping_status":"closed","template":"","meta":{"_acf_changed":false,"inline_featured_image":false,"footnotes":""},"class_list":["post-4052","page","type-page","status-publish","hentry"],"acf":[],"yoast_head":"<!-- This site is optimized with the Yoast SEO plugin v27.5 - https:\/\/yoast.com\/product\/yoast-seo-wordpress\/ -->\n<title>Zeffirino Venezia \u2013 Ristorante italiano al Nolinski Venezia<\/title>\n<meta name=\"description\" content=\"Il Ristorante Zeffirino, al Nolinski Venezia, propone un\u2019eccezionale cucina italiana e ligure nell\u2019antica Sala del Consiglio di Venezia...\" \/>\n<meta name=\"robots\" content=\"index, follow, max-snippet:-1, max-image-preview:large, max-video-preview:-1\" \/>\n<link rel=\"canonical\" href=\"https:\/\/nolinskivenezia.com\/it\/zeffirino-venezia-ristorante\/\" \/>\n<script type=\"application\/ld+json\" class=\"yoast-schema-graph\">{\"@context\":\"https:\\\/\\\/schema.org\",\"@graph\":[{\"@type\":\"WebPage\",\"@id\":\"https:\\\/\\\/nolinskivenezia.com\\\/it\\\/zeffirino-venezia-ristorante\\\/\",\"url\":\"https:\\\/\\\/nolinskivenezia.com\\\/it\\\/zeffirino-venezia-ristorante\\\/\",\"name\":\"Zeffirino Venezia \u2013 Ristorante italiano al Nolinski Venezia\",\"isPartOf\":{\"@id\":\"https:\\\/\\\/nolinskivenezia.com\\\/#website\"},\"datePublished\":\"2026-05-06T12:32:26+00:00\",\"dateModified\":\"2026-05-06T13:01:13+00:00\",\"description\":\"Il Ristorante Zeffirino, al Nolinski Venezia, propone un\u2019eccezionale cucina italiana e ligure nell\u2019antica Sala del Consiglio di Venezia...\",\"breadcrumb\":{\"@id\":\"https:\\\/\\\/nolinskivenezia.com\\\/it\\\/zeffirino-venezia-ristorante\\\/#breadcrumb\"},\"inLanguage\":\"it-IT\",\"potentialAction\":[{\"@type\":\"ReadAction\",\"target\":[\"https:\\\/\\\/nolinskivenezia.com\\\/it\\\/zeffirino-venezia-ristorante\\\/\"]}]},{\"@type\":\"BreadcrumbList\",\"@id\":\"https:\\\/\\\/nolinskivenezia.com\\\/it\\\/zeffirino-venezia-ristorante\\\/#breadcrumb\",\"itemListElement\":[{\"@type\":\"ListItem\",\"position\":1,\"name\":\"Accueil\",\"item\":\"https:\\\/\\\/nolinskivenezia.com\\\/it\\\/\"},{\"@type\":\"ListItem\",\"position\":2,\"name\":\"Zeffirino Venezia\"}]},{\"@type\":\"WebSite\",\"@id\":\"https:\\\/\\\/nolinskivenezia.com\\\/#website\",\"url\":\"https:\\\/\\\/nolinskivenezia.com\\\/\",\"name\":\"Nolinski Venezia\",\"description\":\"H\u00f4tel 5 \u00e9toiles \u00e0 Venise, Italie\",\"potentialAction\":[{\"@type\":\"SearchAction\",\"target\":{\"@type\":\"EntryPoint\",\"urlTemplate\":\"https:\\\/\\\/nolinskivenezia.com\\\/?s={search_term_string}\"},\"query-input\":{\"@type\":\"PropertyValueSpecification\",\"valueRequired\":true,\"valueName\":\"search_term_string\"}}],\"inLanguage\":\"it-IT\"}]}<\/script>\n<!-- \/ Yoast SEO plugin. -->","yoast_head_json":{"title":"Zeffirino Venezia \u2013 Ristorante italiano al Nolinski Venezia","description":"Il Ristorante Zeffirino, al Nolinski Venezia, propone un\u2019eccezionale cucina italiana e ligure nell\u2019antica Sala del Consiglio di Venezia...","robots":{"index":"index","follow":"follow","max-snippet":"max-snippet:-1","max-image-preview":"max-image-preview:large","max-video-preview":"max-video-preview:-1"},"canonical":"https:\/\/nolinskivenezia.com\/it\/zeffirino-venezia-ristorante\/","schema":{"@context":"https:\/\/schema.org","@graph":[{"@type":"WebPage","@id":"https:\/\/nolinskivenezia.com\/it\/zeffirino-venezia-ristorante\/","url":"https:\/\/nolinskivenezia.com\/it\/zeffirino-venezia-ristorante\/","name":"Zeffirino Venezia \u2013 Ristorante italiano al Nolinski Venezia","isPartOf":{"@id":"https:\/\/nolinskivenezia.com\/#website"},"datePublished":"2026-05-06T12:32:26+00:00","dateModified":"2026-05-06T13:01:13+00:00","description":"Il Ristorante Zeffirino, al Nolinski Venezia, propone un\u2019eccezionale cucina italiana e ligure nell\u2019antica Sala del Consiglio di Venezia...","breadcrumb":{"@id":"https:\/\/nolinskivenezia.com\/it\/zeffirino-venezia-ristorante\/#breadcrumb"},"inLanguage":"it-IT","potentialAction":[{"@type":"ReadAction","target":["https:\/\/nolinskivenezia.com\/it\/zeffirino-venezia-ristorante\/"]}]},{"@type":"BreadcrumbList","@id":"https:\/\/nolinskivenezia.com\/it\/zeffirino-venezia-ristorante\/#breadcrumb","itemListElement":[{"@type":"ListItem","position":1,"name":"Accueil","item":"https:\/\/nolinskivenezia.com\/it\/"},{"@type":"ListItem","position":2,"name":"Zeffirino Venezia"}]},{"@type":"WebSite","@id":"https:\/\/nolinskivenezia.com\/#website","url":"https:\/\/nolinskivenezia.com\/","name":"Nolinski Venezia","description":"H\u00f4tel 5 \u00e9toiles \u00e0 Venise, Italie","potentialAction":[{"@type":"SearchAction","target":{"@type":"EntryPoint","urlTemplate":"https:\/\/nolinskivenezia.com\/?s={search_term_string}"},"query-input":{"@type":"PropertyValueSpecification","valueRequired":true,"valueName":"search_term_string"}}],"inLanguage":"it-IT"}]}},"_links":{"self":[{"href":"https:\/\/nolinskivenezia.com\/it\/wp-json\/wp\/v2\/pages\/4052","targetHints":{"allow":["GET"]}}],"collection":[{"href":"https:\/\/nolinskivenezia.com\/it\/wp-json\/wp\/v2\/pages"}],"about":[{"href":"https:\/\/nolinskivenezia.com\/it\/wp-json\/wp\/v2\/types\/page"}],"author":[{"embeddable":true,"href":"https:\/\/nolinskivenezia.com\/it\/wp-json\/wp\/v2\/users\/4"}],"replies":[{"embeddable":true,"href":"https:\/\/nolinskivenezia.com\/it\/wp-json\/wp\/v2\/comments?post=4052"}],"version-history":[{"count":1,"href":"https:\/\/nolinskivenezia.com\/it\/wp-json\/wp\/v2\/pages\/4052\/revisions"}],"predecessor-version":[{"id":4068,"href":"https:\/\/nolinskivenezia.com\/it\/wp-json\/wp\/v2\/pages\/4052\/revisions\/4068"}],"wp:attachment":[{"href":"https:\/\/nolinskivenezia.com\/it\/wp-json\/wp\/v2\/media?parent=4052"}],"curies":[{"name":"wp","href":"https:\/\/api.w.org\/{rel}","templated":true}]}}