{"id":714,"date":"2023-04-18T15:15:53","date_gmt":"2023-04-18T13:15:53","guid":{"rendered":"https:\/\/nolinskivenezia.com\/?page_id=714"},"modified":"2026-03-24T11:32:32","modified_gmt":"2026-03-24T10:32:32","slug":"eventi-privatizzazione","status":"publish","type":"page","link":"https:\/\/nolinskivenezia.com\/it\/eventi-privatizzazione\/","title":{"rendered":"Eventi"},"content":{"rendered":"","protected":false},"excerpt":{"rendered":"","protected":false},"author":3,"featured_media":0,"parent":0,"menu_order":0,"comment_status":"closed","ping_status":"closed","template":"","meta":{"_acf_changed":false,"inline_featured_image":false,"footnotes":""},"class_list":["post-714","page","type-page","status-publish","hentry"],"acf":[],"yoast_head":"<!-- This site is optimized with the Yoast SEO plugin v27.5 - https:\/\/yoast.com\/product\/yoast-seo-wordpress\/ -->\n<title>Privatizzazione hotel di lusso a Venezia - Luogo a 5 stelle, unico!<\/title>\n<meta name=\"description\" content=\"Nolinski Venezia - Nuovo hotel 5 stelle lusso a Venezia - Privatizzate un luogo unico e magico per un evento. Servizi su misura: prenota ora!\" \/>\n<meta name=\"robots\" content=\"index, follow, max-snippet:-1, max-image-preview:large, max-video-preview:-1\" \/>\n<link rel=\"canonical\" href=\"https:\/\/nolinskivenezia.com\/it\/eventi-privatizzazione\/\" \/>\n<script type=\"application\/ld+json\" class=\"yoast-schema-graph\">{\"@context\":\"https:\\\/\\\/schema.org\",\"@graph\":[{\"@type\":\"WebPage\",\"@id\":\"https:\\\/\\\/nolinskivenezia.com\\\/it\\\/eventi-privatizzazione\\\/\",\"url\":\"https:\\\/\\\/nolinskivenezia.com\\\/it\\\/eventi-privatizzazione\\\/\",\"name\":\"Privatizzazione hotel di lusso a Venezia - Luogo a 5 stelle, unico!\",\"isPartOf\":{\"@id\":\"https:\\\/\\\/nolinskivenezia.com\\\/#website\"},\"datePublished\":\"2023-04-18T13:15:53+00:00\",\"dateModified\":\"2026-03-24T10:32:32+00:00\",\"description\":\"Nolinski Venezia - Nuovo hotel 5 stelle lusso a Venezia - Privatizzate un luogo unico e magico per un evento. Servizi su misura: prenota ora!\",\"breadcrumb\":{\"@id\":\"https:\\\/\\\/nolinskivenezia.com\\\/it\\\/eventi-privatizzazione\\\/#breadcrumb\"},\"inLanguage\":\"it-IT\",\"potentialAction\":[{\"@type\":\"ReadAction\",\"target\":[\"https:\\\/\\\/nolinskivenezia.com\\\/it\\\/eventi-privatizzazione\\\/\"]}]},{\"@type\":\"BreadcrumbList\",\"@id\":\"https:\\\/\\\/nolinskivenezia.com\\\/it\\\/eventi-privatizzazione\\\/#breadcrumb\",\"itemListElement\":[{\"@type\":\"ListItem\",\"position\":1,\"name\":\"Accueil\",\"item\":\"https:\\\/\\\/nolinskivenezia.com\\\/it\\\/\"},{\"@type\":\"ListItem\",\"position\":2,\"name\":\"Eventi\"}]},{\"@type\":\"WebSite\",\"@id\":\"https:\\\/\\\/nolinskivenezia.com\\\/#website\",\"url\":\"https:\\\/\\\/nolinskivenezia.com\\\/\",\"name\":\"Nolinski Venezia\",\"description\":\"H\u00f4tel 5 \u00e9toiles \u00e0 Venise, Italie\",\"potentialAction\":[{\"@type\":\"SearchAction\",\"target\":{\"@type\":\"EntryPoint\",\"urlTemplate\":\"https:\\\/\\\/nolinskivenezia.com\\\/?s={search_term_string}\"},\"query-input\":{\"@type\":\"PropertyValueSpecification\",\"valueRequired\":true,\"valueName\":\"search_term_string\"}}],\"inLanguage\":\"it-IT\"}]}<\/script>\n<!-- \/ Yoast SEO plugin. -->","yoast_head_json":{"title":"Privatizzazione hotel di lusso a Venezia - Luogo a 5 stelle, unico!","description":"Nolinski Venezia - Nuovo hotel 5 stelle lusso a Venezia - Privatizzate un luogo unico e magico per un evento. Servizi su misura: prenota ora!","robots":{"index":"index","follow":"follow","max-snippet":"max-snippet:-1","max-image-preview":"max-image-preview:large","max-video-preview":"max-video-preview:-1"},"canonical":"https:\/\/nolinskivenezia.com\/it\/eventi-privatizzazione\/","schema":{"@context":"https:\/\/schema.org","@graph":[{"@type":"WebPage","@id":"https:\/\/nolinskivenezia.com\/it\/eventi-privatizzazione\/","url":"https:\/\/nolinskivenezia.com\/it\/eventi-privatizzazione\/","name":"Privatizzazione hotel di lusso a Venezia - Luogo a 5 stelle, unico!","isPartOf":{"@id":"https:\/\/nolinskivenezia.com\/#website"},"datePublished":"2023-04-18T13:15:53+00:00","dateModified":"2026-03-24T10:32:32+00:00","description":"Nolinski Venezia - Nuovo hotel 5 stelle lusso a Venezia - Privatizzate un luogo unico e magico per un evento. Servizi su misura: prenota ora!","breadcrumb":{"@id":"https:\/\/nolinskivenezia.com\/it\/eventi-privatizzazione\/#breadcrumb"},"inLanguage":"it-IT","potentialAction":[{"@type":"ReadAction","target":["https:\/\/nolinskivenezia.com\/it\/eventi-privatizzazione\/"]}]},{"@type":"BreadcrumbList","@id":"https:\/\/nolinskivenezia.com\/it\/eventi-privatizzazione\/#breadcrumb","itemListElement":[{"@type":"ListItem","position":1,"name":"Accueil","item":"https:\/\/nolinskivenezia.com\/it\/"},{"@type":"ListItem","position":2,"name":"Eventi"}]},{"@type":"WebSite","@id":"https:\/\/nolinskivenezia.com\/#website","url":"https:\/\/nolinskivenezia.com\/","name":"Nolinski Venezia","description":"H\u00f4tel 5 \u00e9toiles \u00e0 Venise, Italie","potentialAction":[{"@type":"SearchAction","target":{"@type":"EntryPoint","urlTemplate":"https:\/\/nolinskivenezia.com\/?s={search_term_string}"},"query-input":{"@type":"PropertyValueSpecification","valueRequired":true,"valueName":"search_term_string"}}],"inLanguage":"it-IT"}]}},"_links":{"self":[{"href":"https:\/\/nolinskivenezia.com\/it\/wp-json\/wp\/v2\/pages\/714","targetHints":{"allow":["GET"]}}],"collection":[{"href":"https:\/\/nolinskivenezia.com\/it\/wp-json\/wp\/v2\/pages"}],"about":[{"href":"https:\/\/nolinskivenezia.com\/it\/wp-json\/wp\/v2\/types\/page"}],"author":[{"embeddable":true,"href":"https:\/\/nolinskivenezia.com\/it\/wp-json\/wp\/v2\/users\/3"}],"replies":[{"embeddable":true,"href":"https:\/\/nolinskivenezia.com\/it\/wp-json\/wp\/v2\/comments?post=714"}],"version-history":[{"count":7,"href":"https:\/\/nolinskivenezia.com\/it\/wp-json\/wp\/v2\/pages\/714\/revisions"}],"predecessor-version":[{"id":3823,"href":"https:\/\/nolinskivenezia.com\/it\/wp-json\/wp\/v2\/pages\/714\/revisions\/3823"}],"wp:attachment":[{"href":"https:\/\/nolinskivenezia.com\/it\/wp-json\/wp\/v2\/media?parent=714"}],"curies":[{"name":"wp","href":"https:\/\/api.w.org\/{rel}","templated":true}]}}