{"id":717,"date":"2023-04-18T15:16:09","date_gmt":"2023-04-18T13:16:09","guid":{"rendered":"https:\/\/nolinskivenezia.com\/?page_id=717"},"modified":"2023-05-29T10:21:04","modified_gmt":"2023-05-29T08:21:04","slug":"il-concetto-hotel-lusso-5-stelle","status":"publish","type":"page","link":"https:\/\/nolinskivenezia.com\/it\/il-concetto-hotel-lusso-5-stelle\/","title":{"rendered":"Il concetto"},"content":{"rendered":"","protected":false},"excerpt":{"rendered":"","protected":false},"author":3,"featured_media":0,"parent":0,"menu_order":0,"comment_status":"closed","ping_status":"closed","template":"","meta":{"_acf_changed":false,"inline_featured_image":false,"footnotes":""},"class_list":["post-717","page","type-page","status-publish","hentry"],"acf":[],"yoast_head":"<!-- This site is optimized with the Yoast SEO plugin v27.5 - https:\/\/yoast.com\/product\/yoast-seo-wordpress\/ -->\n<title>Nuovo hotel 5 stelle lusso Venezia - Design, moderno, stile di vita<\/title>\n<meta name=\"description\" content=\"Nolinski Venezia - Nuovo hotel 5 stelle lusso a Venezia - Design, moderno, lifestyle, trendy, scoprite un luogo unico vicino a Piazza San Marco. Prenota ora!\" \/>\n<meta name=\"robots\" content=\"index, follow, max-snippet:-1, max-image-preview:large, max-video-preview:-1\" \/>\n<link rel=\"canonical\" href=\"https:\/\/nolinskivenezia.com\/it\/il-concetto-hotel-lusso-5-stelle\/\" \/>\n<script type=\"application\/ld+json\" class=\"yoast-schema-graph\">{\"@context\":\"https:\\\/\\\/schema.org\",\"@graph\":[{\"@type\":\"WebPage\",\"@id\":\"https:\\\/\\\/nolinskivenezia.com\\\/it\\\/il-concetto-hotel-lusso-5-stelle\\\/\",\"url\":\"https:\\\/\\\/nolinskivenezia.com\\\/it\\\/il-concetto-hotel-lusso-5-stelle\\\/\",\"name\":\"Nuovo hotel 5 stelle lusso Venezia - Design, moderno, stile di vita\",\"isPartOf\":{\"@id\":\"https:\\\/\\\/nolinskivenezia.com\\\/#website\"},\"datePublished\":\"2023-04-18T13:16:09+00:00\",\"dateModified\":\"2023-05-29T08:21:04+00:00\",\"description\":\"Nolinski Venezia - Nuovo hotel 5 stelle lusso a Venezia - Design, moderno, lifestyle, trendy, scoprite un luogo unico vicino a Piazza San Marco. Prenota ora!\",\"breadcrumb\":{\"@id\":\"https:\\\/\\\/nolinskivenezia.com\\\/it\\\/il-concetto-hotel-lusso-5-stelle\\\/#breadcrumb\"},\"inLanguage\":\"it-IT\",\"potentialAction\":[{\"@type\":\"ReadAction\",\"target\":[\"https:\\\/\\\/nolinskivenezia.com\\\/it\\\/il-concetto-hotel-lusso-5-stelle\\\/\"]}]},{\"@type\":\"BreadcrumbList\",\"@id\":\"https:\\\/\\\/nolinskivenezia.com\\\/it\\\/il-concetto-hotel-lusso-5-stelle\\\/#breadcrumb\",\"itemListElement\":[{\"@type\":\"ListItem\",\"position\":1,\"name\":\"Accueil\",\"item\":\"https:\\\/\\\/nolinskivenezia.com\\\/it\\\/\"},{\"@type\":\"ListItem\",\"position\":2,\"name\":\"Il concetto\"}]},{\"@type\":\"WebSite\",\"@id\":\"https:\\\/\\\/nolinskivenezia.com\\\/#website\",\"url\":\"https:\\\/\\\/nolinskivenezia.com\\\/\",\"name\":\"Nolinski Venezia\",\"description\":\"H\u00f4tel 5 \u00e9toiles \u00e0 Venise, Italie\",\"potentialAction\":[{\"@type\":\"SearchAction\",\"target\":{\"@type\":\"EntryPoint\",\"urlTemplate\":\"https:\\\/\\\/nolinskivenezia.com\\\/?s={search_term_string}\"},\"query-input\":{\"@type\":\"PropertyValueSpecification\",\"valueRequired\":true,\"valueName\":\"search_term_string\"}}],\"inLanguage\":\"it-IT\"}]}<\/script>\n<!-- \/ Yoast SEO plugin. -->","yoast_head_json":{"title":"Nuovo hotel 5 stelle lusso Venezia - Design, moderno, stile di vita","description":"Nolinski Venezia - Nuovo hotel 5 stelle lusso a Venezia - Design, moderno, lifestyle, trendy, scoprite un luogo unico vicino a Piazza San Marco. Prenota ora!","robots":{"index":"index","follow":"follow","max-snippet":"max-snippet:-1","max-image-preview":"max-image-preview:large","max-video-preview":"max-video-preview:-1"},"canonical":"https:\/\/nolinskivenezia.com\/it\/il-concetto-hotel-lusso-5-stelle\/","schema":{"@context":"https:\/\/schema.org","@graph":[{"@type":"WebPage","@id":"https:\/\/nolinskivenezia.com\/it\/il-concetto-hotel-lusso-5-stelle\/","url":"https:\/\/nolinskivenezia.com\/it\/il-concetto-hotel-lusso-5-stelle\/","name":"Nuovo hotel 5 stelle lusso Venezia - Design, moderno, stile di vita","isPartOf":{"@id":"https:\/\/nolinskivenezia.com\/#website"},"datePublished":"2023-04-18T13:16:09+00:00","dateModified":"2023-05-29T08:21:04+00:00","description":"Nolinski Venezia - Nuovo hotel 5 stelle lusso a Venezia - Design, moderno, lifestyle, trendy, scoprite un luogo unico vicino a Piazza San Marco. Prenota ora!","breadcrumb":{"@id":"https:\/\/nolinskivenezia.com\/it\/il-concetto-hotel-lusso-5-stelle\/#breadcrumb"},"inLanguage":"it-IT","potentialAction":[{"@type":"ReadAction","target":["https:\/\/nolinskivenezia.com\/it\/il-concetto-hotel-lusso-5-stelle\/"]}]},{"@type":"BreadcrumbList","@id":"https:\/\/nolinskivenezia.com\/it\/il-concetto-hotel-lusso-5-stelle\/#breadcrumb","itemListElement":[{"@type":"ListItem","position":1,"name":"Accueil","item":"https:\/\/nolinskivenezia.com\/it\/"},{"@type":"ListItem","position":2,"name":"Il concetto"}]},{"@type":"WebSite","@id":"https:\/\/nolinskivenezia.com\/#website","url":"https:\/\/nolinskivenezia.com\/","name":"Nolinski Venezia","description":"H\u00f4tel 5 \u00e9toiles \u00e0 Venise, Italie","potentialAction":[{"@type":"SearchAction","target":{"@type":"EntryPoint","urlTemplate":"https:\/\/nolinskivenezia.com\/?s={search_term_string}"},"query-input":{"@type":"PropertyValueSpecification","valueRequired":true,"valueName":"search_term_string"}}],"inLanguage":"it-IT"}]}},"_links":{"self":[{"href":"https:\/\/nolinskivenezia.com\/it\/wp-json\/wp\/v2\/pages\/717","targetHints":{"allow":["GET"]}}],"collection":[{"href":"https:\/\/nolinskivenezia.com\/it\/wp-json\/wp\/v2\/pages"}],"about":[{"href":"https:\/\/nolinskivenezia.com\/it\/wp-json\/wp\/v2\/types\/page"}],"author":[{"embeddable":true,"href":"https:\/\/nolinskivenezia.com\/it\/wp-json\/wp\/v2\/users\/3"}],"replies":[{"embeddable":true,"href":"https:\/\/nolinskivenezia.com\/it\/wp-json\/wp\/v2\/comments?post=717"}],"version-history":[{"count":20,"href":"https:\/\/nolinskivenezia.com\/it\/wp-json\/wp\/v2\/pages\/717\/revisions"}],"predecessor-version":[{"id":2129,"href":"https:\/\/nolinskivenezia.com\/it\/wp-json\/wp\/v2\/pages\/717\/revisions\/2129"}],"wp:attachment":[{"href":"https:\/\/nolinskivenezia.com\/it\/wp-json\/wp\/v2\/media?parent=717"}],"curies":[{"name":"wp","href":"https:\/\/api.w.org\/{rel}","templated":true}]}}