{"id":721,"date":"2023-04-18T15:16:17","date_gmt":"2023-04-18T13:16:17","guid":{"rendered":"https:\/\/nolinskivenezia.com\/?page_id=721"},"modified":"2026-04-16T10:30:39","modified_gmt":"2026-04-16T08:30:39","slug":"nolinski-il-caffe-ristorante","status":"publish","type":"page","link":"https:\/\/nolinskivenezia.com\/it\/nolinski-il-caffe-ristorante\/","title":{"rendered":"Nolinski Il Caff\u00e8"},"content":{"rendered":"","protected":false},"excerpt":{"rendered":"","protected":false},"author":3,"featured_media":0,"parent":0,"menu_order":0,"comment_status":"closed","ping_status":"closed","template":"","meta":{"_acf_changed":false,"inline_featured_image":false,"footnotes":""},"class_list":["post-721","page","type-page","status-publish","hentry"],"acf":[],"yoast_head":"<!-- This site is optimized with the Yoast SEO plugin v27.4 - https:\/\/yoast.com\/product\/yoast-seo-wordpress\/ -->\n<title>Ristorante Hotel di lusso Venezia - Terrazza, cortile<\/title>\n<meta name=\"description\" content=\"Nolinski Venezia - Nuovo hotel 5 stelle lusso a Venezia - Prenotate al Ristorante Nolinski Il Caff\u00e8: prodotti italiani, Terrazza, Cortile.\" \/>\n<meta name=\"robots\" content=\"index, follow, max-snippet:-1, max-image-preview:large, max-video-preview:-1\" \/>\n<link rel=\"canonical\" href=\"https:\/\/nolinskivenezia.com\/it\/nolinski-il-caffe-ristorante\/\" \/>\n<script type=\"application\/ld+json\" class=\"yoast-schema-graph\">{\"@context\":\"https:\\\/\\\/schema.org\",\"@graph\":[{\"@type\":\"WebPage\",\"@id\":\"https:\\\/\\\/nolinskivenezia.com\\\/it\\\/nolinski-il-caffe-ristorante\\\/\",\"url\":\"https:\\\/\\\/nolinskivenezia.com\\\/it\\\/nolinski-il-caffe-ristorante\\\/\",\"name\":\"Ristorante Hotel di lusso Venezia - Terrazza, cortile\",\"isPartOf\":{\"@id\":\"https:\\\/\\\/nolinskivenezia.com\\\/#website\"},\"datePublished\":\"2023-04-18T13:16:17+00:00\",\"dateModified\":\"2026-04-16T08:30:39+00:00\",\"description\":\"Nolinski Venezia - Nuovo hotel 5 stelle lusso a Venezia - Prenotate al Ristorante Nolinski Il Caff\u00e8: prodotti italiani, Terrazza, Cortile.\",\"breadcrumb\":{\"@id\":\"https:\\\/\\\/nolinskivenezia.com\\\/it\\\/nolinski-il-caffe-ristorante\\\/#breadcrumb\"},\"inLanguage\":\"it-IT\",\"potentialAction\":[{\"@type\":\"ReadAction\",\"target\":[\"https:\\\/\\\/nolinskivenezia.com\\\/it\\\/nolinski-il-caffe-ristorante\\\/\"]}]},{\"@type\":\"BreadcrumbList\",\"@id\":\"https:\\\/\\\/nolinskivenezia.com\\\/it\\\/nolinski-il-caffe-ristorante\\\/#breadcrumb\",\"itemListElement\":[{\"@type\":\"ListItem\",\"position\":1,\"name\":\"Accueil\",\"item\":\"https:\\\/\\\/nolinskivenezia.com\\\/it\\\/\"},{\"@type\":\"ListItem\",\"position\":2,\"name\":\"Nolinski Il Caff\u00e8\"}]},{\"@type\":\"WebSite\",\"@id\":\"https:\\\/\\\/nolinskivenezia.com\\\/#website\",\"url\":\"https:\\\/\\\/nolinskivenezia.com\\\/\",\"name\":\"Nolinski Venezia\",\"description\":\"H\u00f4tel 5 \u00e9toiles \u00e0 Venise, Italie\",\"potentialAction\":[{\"@type\":\"SearchAction\",\"target\":{\"@type\":\"EntryPoint\",\"urlTemplate\":\"https:\\\/\\\/nolinskivenezia.com\\\/?s={search_term_string}\"},\"query-input\":{\"@type\":\"PropertyValueSpecification\",\"valueRequired\":true,\"valueName\":\"search_term_string\"}}],\"inLanguage\":\"it-IT\"}]}<\/script>\n<!-- \/ Yoast SEO plugin. -->","yoast_head_json":{"title":"Ristorante Hotel di lusso Venezia - Terrazza, cortile","description":"Nolinski Venezia - Nuovo hotel 5 stelle lusso a Venezia - Prenotate al Ristorante Nolinski Il Caff\u00e8: prodotti italiani, Terrazza, Cortile.","robots":{"index":"index","follow":"follow","max-snippet":"max-snippet:-1","max-image-preview":"max-image-preview:large","max-video-preview":"max-video-preview:-1"},"canonical":"https:\/\/nolinskivenezia.com\/it\/nolinski-il-caffe-ristorante\/","schema":{"@context":"https:\/\/schema.org","@graph":[{"@type":"WebPage","@id":"https:\/\/nolinskivenezia.com\/it\/nolinski-il-caffe-ristorante\/","url":"https:\/\/nolinskivenezia.com\/it\/nolinski-il-caffe-ristorante\/","name":"Ristorante Hotel di lusso Venezia - Terrazza, cortile","isPartOf":{"@id":"https:\/\/nolinskivenezia.com\/#website"},"datePublished":"2023-04-18T13:16:17+00:00","dateModified":"2026-04-16T08:30:39+00:00","description":"Nolinski Venezia - Nuovo hotel 5 stelle lusso a Venezia - Prenotate al Ristorante Nolinski Il Caff\u00e8: prodotti italiani, Terrazza, Cortile.","breadcrumb":{"@id":"https:\/\/nolinskivenezia.com\/it\/nolinski-il-caffe-ristorante\/#breadcrumb"},"inLanguage":"it-IT","potentialAction":[{"@type":"ReadAction","target":["https:\/\/nolinskivenezia.com\/it\/nolinski-il-caffe-ristorante\/"]}]},{"@type":"BreadcrumbList","@id":"https:\/\/nolinskivenezia.com\/it\/nolinski-il-caffe-ristorante\/#breadcrumb","itemListElement":[{"@type":"ListItem","position":1,"name":"Accueil","item":"https:\/\/nolinskivenezia.com\/it\/"},{"@type":"ListItem","position":2,"name":"Nolinski Il Caff\u00e8"}]},{"@type":"WebSite","@id":"https:\/\/nolinskivenezia.com\/#website","url":"https:\/\/nolinskivenezia.com\/","name":"Nolinski Venezia","description":"H\u00f4tel 5 \u00e9toiles \u00e0 Venise, Italie","potentialAction":[{"@type":"SearchAction","target":{"@type":"EntryPoint","urlTemplate":"https:\/\/nolinskivenezia.com\/?s={search_term_string}"},"query-input":{"@type":"PropertyValueSpecification","valueRequired":true,"valueName":"search_term_string"}}],"inLanguage":"it-IT"}]}},"_links":{"self":[{"href":"https:\/\/nolinskivenezia.com\/it\/wp-json\/wp\/v2\/pages\/721","targetHints":{"allow":["GET"]}}],"collection":[{"href":"https:\/\/nolinskivenezia.com\/it\/wp-json\/wp\/v2\/pages"}],"about":[{"href":"https:\/\/nolinskivenezia.com\/it\/wp-json\/wp\/v2\/types\/page"}],"author":[{"embeddable":true,"href":"https:\/\/nolinskivenezia.com\/it\/wp-json\/wp\/v2\/users\/3"}],"replies":[{"embeddable":true,"href":"https:\/\/nolinskivenezia.com\/it\/wp-json\/wp\/v2\/comments?post=721"}],"version-history":[{"count":65,"href":"https:\/\/nolinskivenezia.com\/it\/wp-json\/wp\/v2\/pages\/721\/revisions"}],"predecessor-version":[{"id":3979,"href":"https:\/\/nolinskivenezia.com\/it\/wp-json\/wp\/v2\/pages\/721\/revisions\/3979"}],"wp:attachment":[{"href":"https:\/\/nolinskivenezia.com\/it\/wp-json\/wp\/v2\/media?parent=721"}],"curies":[{"name":"wp","href":"https:\/\/api.w.org\/{rel}","templated":true}]}}