{"id":743,"date":"2023-04-18T15:17:18","date_gmt":"2023-04-18T13:17:18","guid":{"rendered":"https:\/\/nolinskivenezia.com\/?page_id=743"},"modified":"2023-05-03T10:02:13","modified_gmt":"2023-05-03T08:02:13","slug":"quartiere-storia-cosa-fare-visitare","status":"publish","type":"page","link":"https:\/\/nolinskivenezia.com\/it\/quartiere-storia-cosa-fare-visitare\/","title":{"rendered":"Accesso &#038; quartiere"},"content":{"rendered":"","protected":false},"excerpt":{"rendered":"","protected":false},"author":3,"featured_media":0,"parent":0,"menu_order":0,"comment_status":"closed","ping_status":"closed","template":"","meta":{"_acf_changed":false,"inline_featured_image":false,"footnotes":""},"class_list":["post-743","page","type-page","status-publish","hentry"],"acf":[],"yoast_head":"<!-- This site is optimized with the Yoast SEO plugin v27.6 - https:\/\/yoast.com\/product\/yoast-seo-wordpress\/ -->\n<title>Soggiorno in hotel di lusso a Venezia, cosa visitare? Idee originali<\/title>\n<meta name=\"description\" content=\"Nolinski Venezia - Nuovo hotel 5 stelle lusso a Venezia - Cosa fare e visitare durante il soggiorno? Alcune idee per passeggiate originali.\" \/>\n<meta name=\"robots\" content=\"index, follow, max-snippet:-1, max-image-preview:large, max-video-preview:-1\" \/>\n<link rel=\"canonical\" href=\"https:\/\/nolinskivenezia.com\/it\/quartiere-storia-cosa-fare-visitare\/\" \/>\n<script type=\"application\/ld+json\" class=\"yoast-schema-graph\">{\"@context\":\"https:\\\/\\\/schema.org\",\"@graph\":[{\"@type\":\"WebPage\",\"@id\":\"https:\\\/\\\/nolinskivenezia.com\\\/it\\\/quartiere-storia-cosa-fare-visitare\\\/\",\"url\":\"https:\\\/\\\/nolinskivenezia.com\\\/it\\\/quartiere-storia-cosa-fare-visitare\\\/\",\"name\":\"Soggiorno in hotel di lusso a Venezia, cosa visitare? Idee originali\",\"isPartOf\":{\"@id\":\"https:\\\/\\\/nolinskivenezia.com\\\/#website\"},\"datePublished\":\"2023-04-18T13:17:18+00:00\",\"dateModified\":\"2023-05-03T08:02:13+00:00\",\"description\":\"Nolinski Venezia - Nuovo hotel 5 stelle lusso a Venezia - Cosa fare e visitare durante il soggiorno? Alcune idee per passeggiate originali.\",\"breadcrumb\":{\"@id\":\"https:\\\/\\\/nolinskivenezia.com\\\/it\\\/quartiere-storia-cosa-fare-visitare\\\/#breadcrumb\"},\"inLanguage\":\"it-IT\",\"potentialAction\":[{\"@type\":\"ReadAction\",\"target\":[\"https:\\\/\\\/nolinskivenezia.com\\\/it\\\/quartiere-storia-cosa-fare-visitare\\\/\"]}]},{\"@type\":\"BreadcrumbList\",\"@id\":\"https:\\\/\\\/nolinskivenezia.com\\\/it\\\/quartiere-storia-cosa-fare-visitare\\\/#breadcrumb\",\"itemListElement\":[{\"@type\":\"ListItem\",\"position\":1,\"name\":\"Accueil\",\"item\":\"https:\\\/\\\/nolinskivenezia.com\\\/it\\\/\"},{\"@type\":\"ListItem\",\"position\":2,\"name\":\"Accesso &#038; quartiere\"}]},{\"@type\":\"WebSite\",\"@id\":\"https:\\\/\\\/nolinskivenezia.com\\\/#website\",\"url\":\"https:\\\/\\\/nolinskivenezia.com\\\/\",\"name\":\"Nolinski Venezia\",\"description\":\"H\u00f4tel 5 \u00e9toiles \u00e0 Venise, Italie\",\"potentialAction\":[{\"@type\":\"SearchAction\",\"target\":{\"@type\":\"EntryPoint\",\"urlTemplate\":\"https:\\\/\\\/nolinskivenezia.com\\\/?s={search_term_string}\"},\"query-input\":{\"@type\":\"PropertyValueSpecification\",\"valueRequired\":true,\"valueName\":\"search_term_string\"}}],\"inLanguage\":\"it-IT\"}]}<\/script>\n<!-- \/ Yoast SEO plugin. -->","yoast_head_json":{"title":"Soggiorno in hotel di lusso a Venezia, cosa visitare? Idee originali","description":"Nolinski Venezia - Nuovo hotel 5 stelle lusso a Venezia - Cosa fare e visitare durante il soggiorno? Alcune idee per passeggiate originali.","robots":{"index":"index","follow":"follow","max-snippet":"max-snippet:-1","max-image-preview":"max-image-preview:large","max-video-preview":"max-video-preview:-1"},"canonical":"https:\/\/nolinskivenezia.com\/it\/quartiere-storia-cosa-fare-visitare\/","schema":{"@context":"https:\/\/schema.org","@graph":[{"@type":"WebPage","@id":"https:\/\/nolinskivenezia.com\/it\/quartiere-storia-cosa-fare-visitare\/","url":"https:\/\/nolinskivenezia.com\/it\/quartiere-storia-cosa-fare-visitare\/","name":"Soggiorno in hotel di lusso a Venezia, cosa visitare? Idee originali","isPartOf":{"@id":"https:\/\/nolinskivenezia.com\/#website"},"datePublished":"2023-04-18T13:17:18+00:00","dateModified":"2023-05-03T08:02:13+00:00","description":"Nolinski Venezia - Nuovo hotel 5 stelle lusso a Venezia - Cosa fare e visitare durante il soggiorno? Alcune idee per passeggiate originali.","breadcrumb":{"@id":"https:\/\/nolinskivenezia.com\/it\/quartiere-storia-cosa-fare-visitare\/#breadcrumb"},"inLanguage":"it-IT","potentialAction":[{"@type":"ReadAction","target":["https:\/\/nolinskivenezia.com\/it\/quartiere-storia-cosa-fare-visitare\/"]}]},{"@type":"BreadcrumbList","@id":"https:\/\/nolinskivenezia.com\/it\/quartiere-storia-cosa-fare-visitare\/#breadcrumb","itemListElement":[{"@type":"ListItem","position":1,"name":"Accueil","item":"https:\/\/nolinskivenezia.com\/it\/"},{"@type":"ListItem","position":2,"name":"Accesso &#038; quartiere"}]},{"@type":"WebSite","@id":"https:\/\/nolinskivenezia.com\/#website","url":"https:\/\/nolinskivenezia.com\/","name":"Nolinski Venezia","description":"H\u00f4tel 5 \u00e9toiles \u00e0 Venise, Italie","potentialAction":[{"@type":"SearchAction","target":{"@type":"EntryPoint","urlTemplate":"https:\/\/nolinskivenezia.com\/?s={search_term_string}"},"query-input":{"@type":"PropertyValueSpecification","valueRequired":true,"valueName":"search_term_string"}}],"inLanguage":"it-IT"}]}},"_links":{"self":[{"href":"https:\/\/nolinskivenezia.com\/it\/wp-json\/wp\/v2\/pages\/743","targetHints":{"allow":["GET"]}}],"collection":[{"href":"https:\/\/nolinskivenezia.com\/it\/wp-json\/wp\/v2\/pages"}],"about":[{"href":"https:\/\/nolinskivenezia.com\/it\/wp-json\/wp\/v2\/types\/page"}],"author":[{"embeddable":true,"href":"https:\/\/nolinskivenezia.com\/it\/wp-json\/wp\/v2\/users\/3"}],"replies":[{"embeddable":true,"href":"https:\/\/nolinskivenezia.com\/it\/wp-json\/wp\/v2\/comments?post=743"}],"version-history":[{"count":22,"href":"https:\/\/nolinskivenezia.com\/it\/wp-json\/wp\/v2\/pages\/743\/revisions"}],"predecessor-version":[{"id":1870,"href":"https:\/\/nolinskivenezia.com\/it\/wp-json\/wp\/v2\/pages\/743\/revisions\/1870"}],"wp:attachment":[{"href":"https:\/\/nolinskivenezia.com\/it\/wp-json\/wp\/v2\/media?parent=743"}],"curies":[{"name":"wp","href":"https:\/\/api.w.org\/{rel}","templated":true}]}}